{"id":30161,"date":"2025-11-01T18:57:47","date_gmt":"2025-11-01T15:57:47","guid":{"rendered":"https:\/\/ledevon.com\/?post_type=product&#038;p=30161"},"modified":"2025-11-01T19:00:25","modified_gmt":"2025-11-01T16:00:25","slug":"rival-100ml","status":"publish","type":"product","link":"https:\/\/ledevon.com\/tr\/urun\/rival-100ml\/","title":{"rendered":"Rival 100ML"},"content":{"rendered":"<body><p data-start=\"1998\" data-end=\"2169\">Rival, modern bir zarafetle s\u0131cak duyusall\u0131\u011f\u0131 yakalar; canl\u0131 baharatlar\u0131n k\u0131v\u0131lc\u0131m\u0131n\u0131 ayd\u0131nl\u0131k \u00e7i\u00e7eksi bir kalbin ve b\u00fcy\u00fcleyici kehribar-gourmand bir taban\u0131n \u00fczerine \u00f6rer.<\/p>\n<p data-start=\"2171\" data-end=\"2190\">\u2728 Olfactory Journey<\/p>\n<p data-start=\"2192\" data-end=\"2606\">\u00a0\u00a0\u00a0\u00a0<strong data-start=\"2216\" data-end=\"2232\">\u00dcst Notalar:<\/strong> Canl\u0131 bir a\u00e7\u0131l\u0131\u015f i\u00e7in <strong data-start=\"2255\" data-end=\"2284\">Pembe Biber (Pink Pepper)<\/strong>.<br data-start=\"2285\" data-end=\"2288\">\u00a0\u00a0\u00a0\u00a0<strong data-start=\"2312\" data-end=\"2330\">Kalp Notalar\u0131:<\/strong> Duyular\u0131 saran parlak bir beyaz-\u00e7i\u00e7eksi \u0131\u015f\u0131lt\u0131: <strong data-start=\"2379\" data-end=\"2429\">Afrika Portakal \u00c7i\u00e7e\u011fi (African Orange Flower)<\/strong>.<br data-start=\"2430\" data-end=\"2433\">\u00a0\u00a0\u00a0\u00a0<strong data-start=\"2457\" data-end=\"2473\">Alt Notalar:<\/strong> Kremams\u0131 <strong data-start=\"2483\" data-end=\"2494\">Vanilya<\/strong>, balsamik <strong data-start=\"2505\" data-end=\"2516\">Benzoin<\/strong> ve s\u0131cak <strong data-start=\"2526\" data-end=\"2545\">Tonka Fasulyesi<\/strong>; kadifemsi ve kal\u0131c\u0131 bir iz b\u0131rakan gourmand-kehribar taban.<\/p>\n<p data-start=\"2608\" data-end=\"2915\">\ud83c\udf3f <strong data-start=\"2611\" data-end=\"2627\">Koku Ailesi:<\/strong> Kehribar Gourmand \u00c7i\u00e7eksi (Amber Gourmand Floral)<br data-start=\"2677\" data-end=\"2680\">\ud83c\udfaf <strong data-start=\"2683\" data-end=\"2702\">En Uygun Anlar:<\/strong> \u00d6zel ak\u015famlar, \u015f\u0131k davetler ve serin havalarda imza koku.<br data-start=\"2760\" data-end=\"2763\">\ud83c\udf42 <strong data-start=\"2766\" data-end=\"2780\">Mevsimler:<\/strong> Sonbahar ve k\u0131\u015f (ve \u0131l\u0131ml\u0131 ilkbahar ak\u015famlar\u0131).<br data-start=\"2828\" data-end=\"2831\">\ud83d\udd6f\ufe0f <strong data-start=\"2835\" data-end=\"2859\">Kal\u0131c\u0131l\u0131k &amp; Yay\u0131l\u0131m:<\/strong> Cilt ve ortama g\u00f6re uzun kal\u0131c\u0131l\u0131k, orta-g\u00fc\u00e7l\u00fc yay\u0131l\u0131m.<\/p>\n<p data-start=\"2917\" data-end=\"3026\">Rival by Le Devon, sadece bir koku de\u011fil\u2014seni \u0131s\u0131tan, unutulmaz bir aura tasarlayan kendinden emin bir beyan.<\/p>\n<\/body>","protected":false},"excerpt":{"rendered":"<p>Rival, modern bir zarafetle s\u0131cak duyusall\u0131\u011f\u0131 yakalar; canl\u0131 baharatlar\u0131n k\u0131v\u0131lc\u0131m\u0131n\u0131 ayd\u0131nl\u0131k \u00e7i\u00e7eksi bir kalbin ve b\u00fcy\u00fcleyici kehribar-gourmand bir taban\u0131n \u00fczerine<\/p>\n","protected":false},"featured_media":30157,"comment_status":"open","ping_status":"closed","template":"","meta":{"nf_dc_page":""},"product_brand":[],"product_cat":[127],"product_tag":[],"class_list":{"0":"post-30161","1":"product","2":"type-product","3":"status-publish","4":"has-post-thumbnail","6":"product_cat-kadin-parfumleri-kadinlar-icin","8":"first","9":"instock","10":"shipping-taxable","11":"purchasable","12":"product-type-simple"},"jetpack_sharing_enabled":true,"_links":{"self":[{"href":"https:\/\/ledevon.com\/tr\/wp-json\/wp\/v2\/product\/30161","targetHints":{"allow":["GET"]}}],"collection":[{"href":"https:\/\/ledevon.com\/tr\/wp-json\/wp\/v2\/product"}],"about":[{"href":"https:\/\/ledevon.com\/tr\/wp-json\/wp\/v2\/types\/product"}],"replies":[{"embeddable":true,"href":"https:\/\/ledevon.com\/tr\/wp-json\/wp\/v2\/comments?post=30161"}],"version-history":[{"count":1,"href":"https:\/\/ledevon.com\/tr\/wp-json\/wp\/v2\/product\/30161\/revisions"}],"predecessor-version":[{"id":30162,"href":"https:\/\/ledevon.com\/tr\/wp-json\/wp\/v2\/product\/30161\/revisions\/30162"}],"wp:featuredmedia":[{"embeddable":true,"href":"https:\/\/ledevon.com\/tr\/wp-json\/wp\/v2\/media\/30157"}],"wp:attachment":[{"href":"https:\/\/ledevon.com\/tr\/wp-json\/wp\/v2\/media?parent=30161"}],"wp:term":[{"taxonomy":"product_brand","embeddable":true,"href":"https:\/\/ledevon.com\/tr\/wp-json\/wp\/v2\/product_brand?post=30161"},{"taxonomy":"product_cat","embeddable":true,"href":"https:\/\/ledevon.com\/tr\/wp-json\/wp\/v2\/product_cat?post=30161"},{"taxonomy":"product_tag","embeddable":true,"href":"https:\/\/ledevon.com\/tr\/wp-json\/wp\/v2\/product_tag?post=30161"}],"curies":[{"name":"wp","href":"https:\/\/api.w.org\/{rel}","templated":true}]}}