{"id":30111,"date":"2025-10-09T17:00:17","date_gmt":"2025-10-09T14:00:17","guid":{"rendered":"https:\/\/ledevon.com\/?post_type=product&#038;p=30111"},"modified":"2025-10-09T17:19:22","modified_gmt":"2025-10-09T14:19:22","slug":"roma-100ml","status":"publish","type":"product","link":"https:\/\/ledevon.com\/tr\/urun\/roma-100ml\/","title":{"rendered":"Roma 100ML"},"content":{"rendered":"<body><h2 data-start=\"161\" data-end=\"210\"><strong data-start=\"164\" data-end=\"206\">Roma \u2013 Zamans\u0131z Zarafet, Sonsuz Cazibe<\/strong> \ud83c\udf39\u2728<\/h2>\n<p data-start=\"212\" data-end=\"590\">Ebedi \u015fehrin romantik ruhundan ilham alan <strong data-start=\"254\" data-end=\"262\">Roma<\/strong>, klasik zarafet ile modern \u00e7ekicili\u011fi birle\u015ftirir.<br data-start=\"313\" data-end=\"316\">A\u00e7\u0131l\u0131\u015fta <strong data-start=\"325\" data-end=\"357\">pembe biberin canl\u0131 dokunu\u015fu<\/strong> duyular\u0131 harekete ge\u00e7irir; ard\u0131ndan <strong data-start=\"394\" data-end=\"418\">g\u00fcl, misk ve \u015fakay\u0131k<\/strong> notalar\u0131n\u0131n zarif kalbi ortaya \u00e7\u0131kar.<br data-start=\"456\" data-end=\"459\">Alt notalarda ise <strong data-start=\"477\" data-end=\"522\">pa\u00e7uli, menek\u015fe ve amberin s\u0131cak kar\u0131\u015f\u0131m\u0131<\/strong>, tende kadifemsi bir iz b\u0131rakarak b\u00fcy\u00fcleyici bir etki yarat\u0131r. \ud83d\udcab<\/p>\n<hr data-start=\"592\" data-end=\"595\">\n<h3 data-start=\"597\" data-end=\"623\">\ud83c\udf38 <strong data-start=\"604\" data-end=\"621\">Koku Piramidi<\/strong><\/h3>\n<p data-start=\"624\" data-end=\"726\"><strong data-start=\"624\" data-end=\"637\">\u00dcst Nota:<\/strong> Pembe Biber<br data-start=\"649\" data-end=\"652\"><strong data-start=\"652\" data-end=\"666\">Orta Nota:<\/strong> G\u00fcl, Misk, \u015eakay\u0131k<br data-start=\"685\" data-end=\"688\"><strong data-start=\"688\" data-end=\"701\">Alt Nota:<\/strong> Pa\u00e7uli, Menek\u015fe, Amber<\/p>\n<hr data-start=\"728\" data-end=\"731\">\n<h3 data-start=\"733\" data-end=\"783\">\ud83d\udc8e <strong data-start=\"740\" data-end=\"756\">Koku Ailesi:<\/strong> \u00c7i\u00e7eksi \u2013 Odunsu \u2013 Amber<\/h3>\n<hr data-start=\"785\" data-end=\"788\">\n<h3 data-start=\"790\" data-end=\"827\">\ud83c\udf06 <strong data-start=\"797\" data-end=\"825\">Parf\u00fcm\u00fcn Parlad\u0131\u011f\u0131 Anlar<\/strong><\/h3>\n<p data-start=\"828\" data-end=\"1097\"><strong data-start=\"828\" data-end=\"842\">Mevsimler:<\/strong> \u0130lkbahar ve sonbahar, romantik k\u0131\u015f ak\u015famlar\u0131<br data-start=\"887\" data-end=\"890\"><strong data-start=\"890\" data-end=\"909\">En Uygun Zaman:<\/strong> Ak\u015fam ve \u00f6zel anlar<br data-start=\"929\" data-end=\"932\"><strong data-start=\"932\" data-end=\"951\">Kullan\u0131m Alan\u0131:<\/strong> Zarif davetler, sanatsal etkinlikler, romantik bulu\u015fmalar<br data-start=\"1009\" data-end=\"1012\"><strong data-start=\"1012\" data-end=\"1037\">Kal\u0131c\u0131l\u0131k ve Yay\u0131l\u0131m:<\/strong> Uzun s\u00fcre kal\u0131c\u0131, yumu\u015fak ve b\u00fcy\u00fcleyici bir iz b\u0131rak\u0131r \ud83d\udc9e<\/p>\n<\/body>","protected":false},"excerpt":{"rendered":"<p>Roma \u2013 Zamans\u0131z Zarafet, Sonsuz Cazibe \ud83c\udf39\u2728 Ebedi \u015fehrin romantik ruhundan ilham alan Roma, klasik zarafet ile modern \u00e7ekicili\u011fi birle\u015ftirir.A\u00e7\u0131l\u0131\u015fta<\/p>\n","protected":false},"featured_media":30106,"comment_status":"open","ping_status":"closed","template":"","meta":{"nf_dc_page":""},"product_brand":[],"product_cat":[127,100],"product_tag":[],"class_list":{"0":"post-30111","1":"product","2":"type-product","3":"status-publish","4":"has-post-thumbnail","6":"product_cat-kadin-parfumleri-kadinlar-icin","7":"product_cat-en-cok-satan","8":"pa_fragrance-family-cicek","9":"pa_fragrance-family-kehribar","10":"pa_fragrance-family-odunsu","12":"first","13":"instock","14":"sale","15":"shipping-taxable","16":"purchasable","17":"product-type-simple"},"jetpack_sharing_enabled":true,"_links":{"self":[{"href":"https:\/\/ledevon.com\/tr\/wp-json\/wp\/v2\/product\/30111","targetHints":{"allow":["GET"]}}],"collection":[{"href":"https:\/\/ledevon.com\/tr\/wp-json\/wp\/v2\/product"}],"about":[{"href":"https:\/\/ledevon.com\/tr\/wp-json\/wp\/v2\/types\/product"}],"replies":[{"embeddable":true,"href":"https:\/\/ledevon.com\/tr\/wp-json\/wp\/v2\/comments?post=30111"}],"version-history":[{"count":1,"href":"https:\/\/ledevon.com\/tr\/wp-json\/wp\/v2\/product\/30111\/revisions"}],"predecessor-version":[{"id":30112,"href":"https:\/\/ledevon.com\/tr\/wp-json\/wp\/v2\/product\/30111\/revisions\/30112"}],"wp:featuredmedia":[{"embeddable":true,"href":"https:\/\/ledevon.com\/tr\/wp-json\/wp\/v2\/media\/30106"}],"wp:attachment":[{"href":"https:\/\/ledevon.com\/tr\/wp-json\/wp\/v2\/media?parent=30111"}],"wp:term":[{"taxonomy":"product_brand","embeddable":true,"href":"https:\/\/ledevon.com\/tr\/wp-json\/wp\/v2\/product_brand?post=30111"},{"taxonomy":"product_cat","embeddable":true,"href":"https:\/\/ledevon.com\/tr\/wp-json\/wp\/v2\/product_cat?post=30111"},{"taxonomy":"product_tag","embeddable":true,"href":"https:\/\/ledevon.com\/tr\/wp-json\/wp\/v2\/product_tag?post=30111"}],"curies":[{"name":"wp","href":"https:\/\/api.w.org\/{rel}","templated":true}]}}