{"id":29038,"date":"2025-05-01T13:40:55","date_gmt":"2025-05-01T10:40:55","guid":{"rendered":"https:\/\/ledevon.com\/?post_type=product&#038;p=29038"},"modified":"2025-06-09T19:37:30","modified_gmt":"2025-06-09T16:37:30","slug":"wild-patchouli-100ml","status":"publish","type":"product","link":"https:\/\/ledevon.com\/tr\/urun\/wild-patchouli-100ml\/","title":{"rendered":"Wild Patchouli 100ML"},"content":{"rendered":"<body><p>\u200e\u201cWild Patchouli\u201d, pa\u00e7ulinin do\u011fal derinli\u011fini ve do\u011faya yak\u0131n hissiyat\u0131n\u0131 modern \u200edokunu\u015flarla sunar. Ye\u015fil notalar ve mimoza ile ferah, marshmallow ile \u015fa\u015f\u0131rt\u0131c\u0131 \u200e\u015fekilde tatl\u0131 bir kapan\u0131\u015f sa\u011flar.\u200e<\/p>\n<p>Koku Piramidi:\u200e<br>\n\u2022 \u00dcst Notalar: Pa\u00e7uli, \u0130ris Tohumlar\u0131, Ye\u015fil Notalar<br>\n\u2022 Orta Notalar: Pa\u00e7uli, Mimoza<br>\n\u2022 Alt Notalar: Zabade, Pa\u00e7uli, Marshmallow<br>\nKoku Ailesi: Odunsu \/ Bitkisel \/ Hafif Gourmand \/ Topraks\u0131<\/p>\n<p>Kullan\u0131m Tavsiyeleri:\u200e<br>\n\u2022 Mevsimler: Sonbahar ve k\u0131\u015f<br>\n\u2022 Zaman: Ak\u015fam<br>\n\u2022 Ortam: Sanatsal bulu\u015fmalar, \u00f6zg\u00fcn karakterli ortamlar<br>\n\u2022 Kal\u0131c\u0131l\u0131k &amp; Yay\u0131l\u0131m: G\u00fc\u00e7l\u00fc \u2013 do\u011fayla b\u00fct\u00fcnle\u015fmi\u015f sofistike bir iz<\/p>\n<\/body>","protected":false},"excerpt":{"rendered":"<p>Wild Patchouli, do\u011fan\u0131n g\u00fcc\u00fcn\u00fc rafine bir tatl\u0131l\u0131kla bulu\u015fturan cesur bir kokudur.\u200e<\/p>\n","protected":false},"featured_media":29763,"comment_status":"open","ping_status":"closed","template":"","meta":{"nf_dc_page":""},"product_brand":[],"product_cat":[126],"product_tag":[],"class_list":{"0":"post-29038","1":"product","2":"type-product","3":"status-publish","4":"has-post-thumbnail","6":"product_cat-uniseks-parfumler","7":"pa_compatibility-uniseks-parfumler-tr","8":"pa_fragrance-family-bitkisel","9":"pa_fragrance-family-dunyevi","10":"pa_fragrance-family-odunsu","11":"pa_fragrance-family-yumusak-gurme","12":"pa_sizemeasurement-100ml-tr-2","14":"first","15":"instock","16":"sale","17":"shipping-taxable","18":"purchasable","19":"product-type-simple"},"jetpack_sharing_enabled":true,"_links":{"self":[{"href":"https:\/\/ledevon.com\/tr\/wp-json\/wp\/v2\/product\/29038","targetHints":{"allow":["GET"]}}],"collection":[{"href":"https:\/\/ledevon.com\/tr\/wp-json\/wp\/v2\/product"}],"about":[{"href":"https:\/\/ledevon.com\/tr\/wp-json\/wp\/v2\/types\/product"}],"replies":[{"embeddable":true,"href":"https:\/\/ledevon.com\/tr\/wp-json\/wp\/v2\/comments?post=29038"}],"version-history":[{"count":1,"href":"https:\/\/ledevon.com\/tr\/wp-json\/wp\/v2\/product\/29038\/revisions"}],"predecessor-version":[{"id":29155,"href":"https:\/\/ledevon.com\/tr\/wp-json\/wp\/v2\/product\/29038\/revisions\/29155"}],"wp:featuredmedia":[{"embeddable":true,"href":"https:\/\/ledevon.com\/tr\/wp-json\/wp\/v2\/media\/29763"}],"wp:attachment":[{"href":"https:\/\/ledevon.com\/tr\/wp-json\/wp\/v2\/media?parent=29038"}],"wp:term":[{"taxonomy":"product_brand","embeddable":true,"href":"https:\/\/ledevon.com\/tr\/wp-json\/wp\/v2\/product_brand?post=29038"},{"taxonomy":"product_cat","embeddable":true,"href":"https:\/\/ledevon.com\/tr\/wp-json\/wp\/v2\/product_cat?post=29038"},{"taxonomy":"product_tag","embeddable":true,"href":"https:\/\/ledevon.com\/tr\/wp-json\/wp\/v2\/product_tag?post=29038"}],"curies":[{"name":"wp","href":"https:\/\/api.w.org\/{rel}","templated":true}]}}