{"id":29037,"date":"2025-05-03T08:39:14","date_gmt":"2025-05-03T05:39:14","guid":{"rendered":"https:\/\/ledevon.com\/?post_type=product&#038;p=29037"},"modified":"2025-10-31T17:18:27","modified_gmt":"2025-10-31T14:18:27","slug":"dark-100ml","status":"publish","type":"product","link":"https:\/\/ledevon.com\/tr\/urun\/dark-100ml\/","title":{"rendered":"Dark 100ML"},"content":{"rendered":"<body><p>A\u00e7\u0131klama:<br>\n\u200e\u201cDark\u201d, gizemin ve derinli\u011fin kokusu. Baharatl\u0131 ve bitkisel \u00fcst notalar, t\u00fct\u00fcn, kahve \u200eve meyvelerle zenginle\u015fen kalp notalar\u0131na d\u00f6n\u00fc\u015f\u00fcrken; oud, amber ve vanilya ile \u200ekuvvetli, karizmatik bir iz b\u0131rak\u0131r. G\u00fc\u00e7l\u00fc duru\u015f sergileyenlerin imzas\u0131.\u200e<br>\nKoku Piramidi:\u200e<br>\n\u2022 \u00dcst Notalar: Kenevir, Davana, Safran, Kekik<br>\n\u2022 Orta Notalar: T\u00fct\u00fcn, Kahve, Orman Meyveleri, Tar\u00e7\u0131n<br>\n\u2022 Alt Notalar: Oud, Amber, Guaiac A\u011fac\u0131, Misk, Tonka, Vanilya<br>\nKoku Ailesi: Odunsu \/ T\u00fct\u00fcn \/ Do\u011fulu<br>\nKullan\u0131m Tavsiyeleri:\u200e<br>\n\u2022 Mevsimler: Sonbahar ve k\u0131\u015f<br>\n\u2022 Zaman: Gece<br>\n\u2022 Ortam: L\u00fcks davetler, \u00f6zel geceler, karizmatik ortamlarda fark yaratmak \u200ei\u00e7in<br>\n\u2022 Kal\u0131c\u0131l\u0131k &amp; Yay\u0131l\u0131m: \u00c7ok g\u00fc\u00e7l\u00fc, kal\u0131c\u0131 ve etkileyici bir iz b\u0131rak\u0131r<\/p>\n<\/body>","protected":false},"excerpt":{"rendered":"<p>Dark by Le Devon, sadece bir parf\u00fcm de\u011fil; gizemi, g\u00fc\u00e7 ve l\u00fcks\u00fc ta\u015f\u0131yan bir \u200ekarakter ifadesidir.\u200e<\/p>\n","protected":false},"featured_media":29819,"comment_status":"open","ping_status":"closed","template":"","meta":{"nf_dc_page":""},"product_brand":[],"product_cat":[126,100],"product_tag":[],"class_list":{"0":"post-29037","1":"product","2":"type-product","3":"status-publish","4":"has-post-thumbnail","6":"product_cat-uniseks-parfumler","7":"product_cat-en-cok-satan","8":"pa_compatibility-uniseks-parfumler-tr","9":"pa_fragrance-family-kehribar","10":"pa_fragrance-family-odunsu","11":"pa_fragrance-family-oryantal","12":"pa_fragrance-family-tutun","13":"pa_sizemeasurement-100ml-tr-2","15":"first","16":"instock","17":"sale","18":"shipping-taxable","19":"purchasable","20":"product-type-simple"},"jetpack_sharing_enabled":true,"_links":{"self":[{"href":"https:\/\/ledevon.com\/tr\/wp-json\/wp\/v2\/product\/29037","targetHints":{"allow":["GET"]}}],"collection":[{"href":"https:\/\/ledevon.com\/tr\/wp-json\/wp\/v2\/product"}],"about":[{"href":"https:\/\/ledevon.com\/tr\/wp-json\/wp\/v2\/types\/product"}],"replies":[{"embeddable":true,"href":"https:\/\/ledevon.com\/tr\/wp-json\/wp\/v2\/comments?post=29037"}],"version-history":[{"count":1,"href":"https:\/\/ledevon.com\/tr\/wp-json\/wp\/v2\/product\/29037\/revisions"}],"predecessor-version":[{"id":29154,"href":"https:\/\/ledevon.com\/tr\/wp-json\/wp\/v2\/product\/29037\/revisions\/29154"}],"wp:featuredmedia":[{"embeddable":true,"href":"https:\/\/ledevon.com\/tr\/wp-json\/wp\/v2\/media\/29819"}],"wp:attachment":[{"href":"https:\/\/ledevon.com\/tr\/wp-json\/wp\/v2\/media?parent=29037"}],"wp:term":[{"taxonomy":"product_brand","embeddable":true,"href":"https:\/\/ledevon.com\/tr\/wp-json\/wp\/v2\/product_brand?post=29037"},{"taxonomy":"product_cat","embeddable":true,"href":"https:\/\/ledevon.com\/tr\/wp-json\/wp\/v2\/product_cat?post=29037"},{"taxonomy":"product_tag","embeddable":true,"href":"https:\/\/ledevon.com\/tr\/wp-json\/wp\/v2\/product_tag?post=29037"}],"curies":[{"name":"wp","href":"https:\/\/api.w.org\/{rel}","templated":true}]}}