{"id":29025,"date":"2025-05-01T13:40:55","date_gmt":"2025-05-01T10:40:55","guid":{"rendered":"https:\/\/ledevon.com\/?post_type=product&#038;p=29025"},"modified":"2026-03-25T04:15:11","modified_gmt":"2026-03-25T01:15:11","slug":"alhambra-100ml","status":"publish","type":"product","link":"https:\/\/ledevon.com\/tr\/urun\/alhambra-100ml\/","title":{"rendered":"Alhambra 100ML"},"content":{"rendered":"<body><p>A\u00e7\u0131klama:<br>\n\u200e\u201cAlhambra\u201d, End\u00fcl\u00fcs\u2019\u00fcn tarihi ihti\u015fam\u0131ndan ilham al\u0131r. Meyvemsi ve \u00e7i\u00e7eksi a\u00e7\u0131l\u0131\u015f, \u200ekaramel ve yasemin ile tatlan\u0131r, pa\u00e7uli ve miskle zengin ve oryantal bir kapan\u0131\u015f \u200esunar.\u200e<br>\nKoku Piramidi:\u200e<br>\n\u2022 \u00dcst Notalar: Bergamot, \u00c7ark\u0131felek Meyvesi, \u015eeftali<br>\n\u2022 Orta Notalar: Sardunya, Karamel, Yasemin<br>\n\u2022 Alt Notalar: Madagaskar Pa\u00e7ulisi, Amber, Beyaz Misk<br>\nKoku Ailesi: Meyvemsi \/ \u00c7i\u00e7eksi \/ Do\u011fulu \/ Gourmand<br>\nKullan\u0131m Tavsiyeleri:\u200e<br>\n\u2022 Mevsimler: \u0130lkbahar, sonbahar, kapal\u0131 mekanlarda k\u0131\u015f<br>\n\u2022 Zaman: Ak\u015fam<br>\n\u2022 Ortam: K\u00fclt\u00fcrel davetler, sanatsal etkinlikler, geleneksel-modern kar\u0131\u015f\u0131m\u0131 \u200eortamlar<br>\n\u2022 Kal\u0131c\u0131l\u0131k &amp; Yay\u0131l\u0131m: M\u00fckemmel \u2013 s\u0131cak ve sofistike bir iz<\/p>\n<\/body>","protected":false},"excerpt":{"rendered":"<p>Alhambra, tarihsel ihti\u015fam\u0131 modern zarafetle bulu\u015fturan e\u015fsiz bir parf\u00fcmd\u00fcr.\u200e<\/p>\n","protected":false},"featured_media":29708,"comment_status":"open","ping_status":"closed","template":"","meta":{"nf_dc_page":""},"product_brand":[],"product_cat":[126,100],"product_tag":[],"class_list":{"0":"post-29025","1":"product","2":"type-product","3":"status-publish","4":"has-post-thumbnail","6":"product_cat-uniseks-parfumler","7":"product_cat-en-cok-satan","8":"pa_compatibility-uniseks-parfumler-tr","9":"pa_fragrance-family-gurme","10":"pa_fragrance-family-meyveli","11":"pa_fragrance-family-oryantal","12":"pa_sizemeasurement-100ml-tr-2","14":"first","15":"instock","16":"sale","17":"shipping-taxable","18":"purchasable","19":"product-type-simple"},"jetpack_sharing_enabled":true,"_links":{"self":[{"href":"https:\/\/ledevon.com\/tr\/wp-json\/wp\/v2\/product\/29025","targetHints":{"allow":["GET"]}}],"collection":[{"href":"https:\/\/ledevon.com\/tr\/wp-json\/wp\/v2\/product"}],"about":[{"href":"https:\/\/ledevon.com\/tr\/wp-json\/wp\/v2\/types\/product"}],"replies":[{"embeddable":true,"href":"https:\/\/ledevon.com\/tr\/wp-json\/wp\/v2\/comments?post=29025"}],"version-history":[{"count":1,"href":"https:\/\/ledevon.com\/tr\/wp-json\/wp\/v2\/product\/29025\/revisions"}],"predecessor-version":[{"id":29150,"href":"https:\/\/ledevon.com\/tr\/wp-json\/wp\/v2\/product\/29025\/revisions\/29150"}],"wp:featuredmedia":[{"embeddable":true,"href":"https:\/\/ledevon.com\/tr\/wp-json\/wp\/v2\/media\/29708"}],"wp:attachment":[{"href":"https:\/\/ledevon.com\/tr\/wp-json\/wp\/v2\/media?parent=29025"}],"wp:term":[{"taxonomy":"product_brand","embeddable":true,"href":"https:\/\/ledevon.com\/tr\/wp-json\/wp\/v2\/product_brand?post=29025"},{"taxonomy":"product_cat","embeddable":true,"href":"https:\/\/ledevon.com\/tr\/wp-json\/wp\/v2\/product_cat?post=29025"},{"taxonomy":"product_tag","embeddable":true,"href":"https:\/\/ledevon.com\/tr\/wp-json\/wp\/v2\/product_tag?post=29025"}],"curies":[{"name":"wp","href":"https:\/\/api.w.org\/{rel}","templated":true}]}}