{"id":29024,"date":"2025-05-01T13:40:55","date_gmt":"2025-05-01T10:40:55","guid":{"rendered":"https:\/\/ledevon.com\/?post_type=product&#038;p=29024"},"modified":"2025-10-31T19:25:29","modified_gmt":"2025-10-31T16:25:29","slug":"solar-100ml","status":"publish","type":"product","link":"https:\/\/ledevon.com\/tr\/urun\/solar-100ml\/","title":{"rendered":"Solar 100ML"},"content":{"rendered":"<body><p>Solar \u2013 Le Devon Unisex \u2013 100ML<\/p>\n<p>\u201cSolar\u201d, g\u00fcne\u015f \u0131\u015f\u0131\u011f\u0131n\u0131 teninizde ta\u015f\u0131yan s\u0131cak ve l\u00fcks bir parf\u00fcmd\u00fcr. Safran ve siyah frenk \u00fcz\u00fcm\u00fc ile ba\u015flar, g\u00fcl ile zarifle\u015fir, pa\u00e7uli ve amberin derinli\u011fiyle tamamlan\u0131r. G\u00fc\u00e7 ile zarafetin dengeli uyumunu arayanlar i\u00e7in tasarland\u0131.<\/p>\n<p>Koku Piramidi:<br>\n\u00dcst Notalar: Safran, Siyah Frenk \u00dcz\u00fcm\u00fc<br>\nOrta Notalar: G\u00fcl<br>\nAlt Notalar: Pa\u00e7uli, Amber<br>\nKoku Ailesi: Do\u011fulu \/ \u00c7i\u00e7eksi \/ Amber<\/p>\n<p>Kullan\u0131m Tavsiyeleri:<br>\nMevsimler: Sonbahar ve k\u0131\u015f<br>\nZaman: Ak\u015fam ve gece<br>\nOrtam: Romantik bulu\u015fmalar, \u00f6zel ak\u015famlar, kendine g\u00fcvenen tarzlar<br>\nKal\u0131c\u0131l\u0131k &amp; Yay\u0131l\u0131m: M\u00fckemmel performans, s\u0131cak ve sofistike bir iz b\u0131rak\u0131r<\/p>\n<p>Sonu\u00e7:<br>\nSolar, \u015f\u0131kl\u0131\u011f\u0131n ve \u0131\u015f\u0131\u011f\u0131n bir araya geldi\u011fi, teninizde g\u00fcne\u015fi hissettiren e\u015fsiz\u00a0bir\u00a0parf\u00fcmd\u00fcr.<\/p>\n<\/body>","protected":false},"excerpt":{"rendered":"<p>\u201cSolar\u201d, g\u00fcne\u015f \u0131\u015f\u0131\u011f\u0131n\u0131 teninizde ta\u015f\u0131yan s\u0131cak ve l\u00fcks bir parf\u00fcmd\u00fcr. Safran ve siyah frenk \u00fcz\u00fcm\u00fc ile ba\u015flar, g\u00fcl ile zarifle\u015fir, pa\u00e7uli ve amberin derinli\u011fiyle tamamlan\u0131r. G\u00fc\u00e7 ile zarafetin dengeli uyumunu arayanlar i\u00e7in tasarland\u0131.<\/p>\n","protected":false},"featured_media":29800,"comment_status":"open","ping_status":"closed","template":"","meta":{"nf_dc_page":""},"product_brand":[],"product_cat":[126],"product_tag":[],"class_list":{"0":"post-29024","1":"product","2":"type-product","3":"status-publish","4":"has-post-thumbnail","6":"product_cat-uniseks-parfumler","7":"pa_fragrance-family-cicek","8":"pa_fragrance-family-kehribar","9":"pa_fragrance-family-oryantal","10":"pa_sizemeasurement-100ml-tr-2","12":"first","13":"instock","14":"sale","15":"shipping-taxable","16":"purchasable","17":"product-type-simple"},"jetpack_sharing_enabled":true,"_links":{"self":[{"href":"https:\/\/ledevon.com\/tr\/wp-json\/wp\/v2\/product\/29024","targetHints":{"allow":["GET"]}}],"collection":[{"href":"https:\/\/ledevon.com\/tr\/wp-json\/wp\/v2\/product"}],"about":[{"href":"https:\/\/ledevon.com\/tr\/wp-json\/wp\/v2\/types\/product"}],"replies":[{"embeddable":true,"href":"https:\/\/ledevon.com\/tr\/wp-json\/wp\/v2\/comments?post=29024"}],"version-history":[{"count":1,"href":"https:\/\/ledevon.com\/tr\/wp-json\/wp\/v2\/product\/29024\/revisions"}],"predecessor-version":[{"id":29149,"href":"https:\/\/ledevon.com\/tr\/wp-json\/wp\/v2\/product\/29024\/revisions\/29149"}],"wp:featuredmedia":[{"embeddable":true,"href":"https:\/\/ledevon.com\/tr\/wp-json\/wp\/v2\/media\/29800"}],"wp:attachment":[{"href":"https:\/\/ledevon.com\/tr\/wp-json\/wp\/v2\/media?parent=29024"}],"wp:term":[{"taxonomy":"product_brand","embeddable":true,"href":"https:\/\/ledevon.com\/tr\/wp-json\/wp\/v2\/product_brand?post=29024"},{"taxonomy":"product_cat","embeddable":true,"href":"https:\/\/ledevon.com\/tr\/wp-json\/wp\/v2\/product_cat?post=29024"},{"taxonomy":"product_tag","embeddable":true,"href":"https:\/\/ledevon.com\/tr\/wp-json\/wp\/v2\/product_tag?post=29024"}],"curies":[{"name":"wp","href":"https:\/\/api.w.org\/{rel}","templated":true}]}}