{"id":29012,"date":"2025-05-01T13:40:55","date_gmt":"2025-05-01T10:40:55","guid":{"rendered":"https:\/\/ledevon.com\/?post_type=product&#038;p=29012"},"modified":"2025-10-20T21:25:46","modified_gmt":"2025-10-20T18:25:46","slug":"golden-rain-100ml","status":"publish","type":"product","link":"https:\/\/ledevon.com\/tr\/urun\/golden-rain-100ml\/","title":{"rendered":"Golden Rain 100ML"},"content":{"rendered":"<body><p>\u200e\u201cGolden Rain\u201d, teninize alt\u0131n gibi yumu\u015fak\u00e7a s\u00fcz\u00fclen zarif ve sofistike bir \u200ekokudur. Bergamot ve ylang-ylang ile taze ba\u015flar, g\u00fcl ve yaseminin pudral\u0131 \u00e7i\u00e7eksi \u200ekalbiyle yumu\u015far, sandal a\u011fac\u0131 ve m\u00fcr ile s\u0131cak bir kapan\u0131\u015f yapar.\u200e<\/p>\n<p>Koku Piramidi:\u200e<br>\n\u2022 \u00dcst Notalar: Ylang-Ylang, Bergamot<br>\n\u2022 Orta Notalar: Bulgar G\u00fcl\u00fc, Yasemin, Heliotrope<br>\n\u2022 Alt Notalar: Sandal A\u011fac\u0131, M\u00fcr<br>\nKoku Ailesi: Pudral\u0131 \/ Odunsu \/ \u00c7i\u00e7eksi<\/p>\n<p>Kullan\u0131m Tavsiyeleri:\u200e<br>\n\u2022 Mevsimler: \u0130lkbahar, yaz ve erken sonbahar<br>\n\u2022 Zaman: G\u00fcn boyu ve erken ak\u015famlar<br>\n\u2022 Ortam: G\u00fcnl\u00fck \u015f\u0131kl\u0131k, ofis, zarif bulu\u015fmalar<br>\n\u2022 Kal\u0131c\u0131l\u0131k &amp; Yay\u0131l\u0131m: Orta seviyede, yumu\u015fak ve huzurlu bir iz<\/p>\n<\/body>","protected":false},"excerpt":{"rendered":"<p>Golden Rain, sessiz l\u00fcks\u00fcn ve zarif feminenli\u011fin bir damlas\u0131d\u0131r.\u200e<\/p>\n","protected":false},"featured_media":29775,"comment_status":"open","ping_status":"closed","template":"","meta":{"nf_dc_page":""},"product_brand":[],"product_cat":[126],"product_tag":[],"class_list":{"0":"post-29012","1":"product","2":"type-product","3":"status-publish","4":"has-post-thumbnail","6":"product_cat-uniseks-parfumler","7":"pa_fragrance-family-cicek","8":"pa_fragrance-family-odunsu","9":"pa_fragrance-family-tozlu","10":"pa_sizemeasurement-100ml-tr-2","12":"first","13":"instock","14":"sale","15":"shipping-taxable","16":"purchasable","17":"product-type-simple"},"jetpack_sharing_enabled":true,"_links":{"self":[{"href":"https:\/\/ledevon.com\/tr\/wp-json\/wp\/v2\/product\/29012","targetHints":{"allow":["GET"]}}],"collection":[{"href":"https:\/\/ledevon.com\/tr\/wp-json\/wp\/v2\/product"}],"about":[{"href":"https:\/\/ledevon.com\/tr\/wp-json\/wp\/v2\/types\/product"}],"replies":[{"embeddable":true,"href":"https:\/\/ledevon.com\/tr\/wp-json\/wp\/v2\/comments?post=29012"}],"version-history":[{"count":1,"href":"https:\/\/ledevon.com\/tr\/wp-json\/wp\/v2\/product\/29012\/revisions"}],"predecessor-version":[{"id":29145,"href":"https:\/\/ledevon.com\/tr\/wp-json\/wp\/v2\/product\/29012\/revisions\/29145"}],"wp:featuredmedia":[{"embeddable":true,"href":"https:\/\/ledevon.com\/tr\/wp-json\/wp\/v2\/media\/29775"}],"wp:attachment":[{"href":"https:\/\/ledevon.com\/tr\/wp-json\/wp\/v2\/media?parent=29012"}],"wp:term":[{"taxonomy":"product_brand","embeddable":true,"href":"https:\/\/ledevon.com\/tr\/wp-json\/wp\/v2\/product_brand?post=29012"},{"taxonomy":"product_cat","embeddable":true,"href":"https:\/\/ledevon.com\/tr\/wp-json\/wp\/v2\/product_cat?post=29012"},{"taxonomy":"product_tag","embeddable":true,"href":"https:\/\/ledevon.com\/tr\/wp-json\/wp\/v2\/product_tag?post=29012"}],"curies":[{"name":"wp","href":"https:\/\/api.w.org\/{rel}","templated":true}]}}