{"id":29011,"date":"2025-05-01T13:40:55","date_gmt":"2025-05-01T10:40:55","guid":{"rendered":"https:\/\/ledevon.com\/?post_type=product&#038;p=29011"},"modified":"2025-06-09T19:36:27","modified_gmt":"2025-06-09T16:36:27","slug":"mystery-100ml","status":"publish","type":"product","link":"https:\/\/ledevon.com\/tr\/urun\/mystery-100ml\/","title":{"rendered":"Mystery 100ML"},"content":{"rendered":"<body><p>A\u00e7\u0131klama:<br>\n\u200e\u201cMystery\u201d, ferahl\u0131kla gizemi bulu\u015fturan sofistike bir kokudur. Ye\u015fil ve sulu \u200enotalarla a\u00e7\u0131l\u0131r, \u00e7i\u00e7eksi-romlu kalbiyle merak uyand\u0131r\u0131r, karamel ve vanilya ile s\u0131cak \u200eve tatl\u0131 bir kapan\u0131\u015f sunar.\u200e<br>\nKoku Piramidi:\u200e<br>\n\u2022 \u00dcst Notalar: Taze Ye\u015fil Notalar<br>\n\u2022 Orta Notalar: Su Notalar\u0131, Rom Misk, Portakal \u00c7i\u00e7e\u011fi<br>\n\u2022 Alt Notalar: Amber, Sedir, Beyaz Misk, Karamel, Vanilya<br>\nKoku Ailesi: Ye\u015fil \/ Su Notal\u0131 \/ \u00c7i\u00e7eksi \/ Do\u011fulu Tatl\u0131<br>\nKullan\u0131m Tavsiyeleri:\u200e<br>\n\u2022 Mevsimler: \u0130lkbahar, sonbahar, yaz ak\u015famlar\u0131<br>\n\u2022 Zaman: G\u00fcn boyunca<br>\n\u2022 Ortam: G\u00fcnl\u00fck kullan\u0131m, i\u015f yerinde tarz, yarat\u0131c\u0131 alanlar<br>\n\u2022 Kal\u0131c\u0131l\u0131k &amp; Yay\u0131l\u0131m: Orta ile g\u00fc\u00e7l\u00fc aras\u0131 \u2013 dikkat \u00e7ekici ama dengeli<\/p>\n<\/body>","protected":false},"excerpt":{"rendered":"<p>Mystery, tazelik ve derinli\u011fi bir araya getiren; sizi farkl\u0131 k\u0131lan bir imzad\u0131r.\u200e<\/p>\n","protected":false},"featured_media":29678,"comment_status":"open","ping_status":"closed","template":"","meta":{"nf_dc_page":""},"product_brand":[],"product_cat":[126],"product_tag":[],"class_list":{"0":"post-29011","1":"product","2":"type-product","3":"status-publish","4":"has-post-thumbnail","6":"product_cat-uniseks-parfumler","7":"pa_compatibility-uniseks-parfumler-tr","8":"pa_fragrance-family-cicek","9":"pa_fragrance-family-dogu-gurme","10":"pa_fragrance-family-suda-yasayan","11":"pa_sizemeasurement-100ml-tr-2","13":"first","14":"instock","15":"sale","16":"shipping-taxable","17":"purchasable","18":"product-type-simple"},"jetpack_sharing_enabled":true,"_links":{"self":[{"href":"https:\/\/ledevon.com\/tr\/wp-json\/wp\/v2\/product\/29011","targetHints":{"allow":["GET"]}}],"collection":[{"href":"https:\/\/ledevon.com\/tr\/wp-json\/wp\/v2\/product"}],"about":[{"href":"https:\/\/ledevon.com\/tr\/wp-json\/wp\/v2\/types\/product"}],"replies":[{"embeddable":true,"href":"https:\/\/ledevon.com\/tr\/wp-json\/wp\/v2\/comments?post=29011"}],"version-history":[{"count":1,"href":"https:\/\/ledevon.com\/tr\/wp-json\/wp\/v2\/product\/29011\/revisions"}],"predecessor-version":[{"id":29144,"href":"https:\/\/ledevon.com\/tr\/wp-json\/wp\/v2\/product\/29011\/revisions\/29144"}],"wp:featuredmedia":[{"embeddable":true,"href":"https:\/\/ledevon.com\/tr\/wp-json\/wp\/v2\/media\/29678"}],"wp:attachment":[{"href":"https:\/\/ledevon.com\/tr\/wp-json\/wp\/v2\/media?parent=29011"}],"wp:term":[{"taxonomy":"product_brand","embeddable":true,"href":"https:\/\/ledevon.com\/tr\/wp-json\/wp\/v2\/product_brand?post=29011"},{"taxonomy":"product_cat","embeddable":true,"href":"https:\/\/ledevon.com\/tr\/wp-json\/wp\/v2\/product_cat?post=29011"},{"taxonomy":"product_tag","embeddable":true,"href":"https:\/\/ledevon.com\/tr\/wp-json\/wp\/v2\/product_tag?post=29011"}],"curies":[{"name":"wp","href":"https:\/\/api.w.org\/{rel}","templated":true}]}}