{"id":29010,"date":"2025-05-01T13:40:55","date_gmt":"2025-05-01T10:40:55","guid":{"rendered":"https:\/\/ledevon.com\/?post_type=product&#038;p=29010"},"modified":"2025-06-09T19:36:11","modified_gmt":"2025-06-09T16:36:11","slug":"pure-glamour-100ml","status":"publish","type":"product","link":"https:\/\/ledevon.com\/tr\/urun\/pure-glamour-100ml\/","title":{"rendered":"Pure Glamour 100ML"},"content":{"rendered":"<body><p>A\u00e7\u0131klama:<br>\n\u200e\u201cPure Glamour\u201d, taze narenciyelerle ba\u015flayan, baharatl\u0131 s\u0131cak bir kalbe ula\u015fan ve \u200ederi ile tonka fasulyesiyle biten zarif ve iddial\u0131 bir parf\u00fcmd\u00fcr. Etkileyici bir duru\u015f \u200eisteyenler i\u00e7in tasarland\u0131.\u200e<br>\nKoku Piramidi:\u200e<br>\n\u2022 \u00dcst Notalar: Mandalina, Greyfurt, Nane<br>\n\u2022 Orta Notalar: Pembe Biber, Tar\u00e7\u0131n, Amber<br>\n\u2022 Alt Notalar: Deri, Pa\u00e7uli, Tonka<br>\nKoku Ailesi: Narenciyeli \/ Baharatl\u0131 \/ Deri \/ Amber<br>\nKullan\u0131m Tavsiyeleri:\u200e<br>\n\u2022 Mevsimler: \u0130lkbahar ve sonbahar<br>\n\u2022 Zaman: Ak\u015fam<br>\n\u2022 Ortam: Sosyal etkinlikler, davetler, dikkat \u00e7ekmek istedi\u011finiz anlar<br>\n\u2022 Kal\u0131c\u0131l\u0131k &amp; Yay\u0131l\u0131m: Orta ile g\u00fc\u00e7l\u00fc aras\u0131nda, zarif yay\u0131l\u0131m<\/p>\n<\/body>","protected":false},"excerpt":{"rendered":"<p>Pure Glamour, cesur \u015f\u0131kl\u0131\u011f\u0131n ve \u00f6zg\u00fcvenin kokusal ifadesidir.\u200e<\/p>\n","protected":false},"featured_media":29787,"comment_status":"open","ping_status":"closed","template":"","meta":{"nf_dc_page":""},"product_brand":[],"product_cat":[126],"product_tag":[],"class_list":{"0":"post-29010","1":"product","2":"type-product","3":"status-publish","4":"has-post-thumbnail","6":"product_cat-uniseks-parfumler","7":"pa_compatibility-uniseks-parfumler-tr","8":"pa_fragrance-family-deri","9":"pa_fragrance-family-kehribar","10":"pa_fragrance-family-narenciye","11":"pa_sizemeasurement-100ml-tr-2","13":"first","14":"instock","15":"sale","16":"shipping-taxable","17":"purchasable","18":"product-type-simple"},"jetpack_sharing_enabled":true,"_links":{"self":[{"href":"https:\/\/ledevon.com\/tr\/wp-json\/wp\/v2\/product\/29010","targetHints":{"allow":["GET"]}}],"collection":[{"href":"https:\/\/ledevon.com\/tr\/wp-json\/wp\/v2\/product"}],"about":[{"href":"https:\/\/ledevon.com\/tr\/wp-json\/wp\/v2\/types\/product"}],"replies":[{"embeddable":true,"href":"https:\/\/ledevon.com\/tr\/wp-json\/wp\/v2\/comments?post=29010"}],"version-history":[{"count":1,"href":"https:\/\/ledevon.com\/tr\/wp-json\/wp\/v2\/product\/29010\/revisions"}],"predecessor-version":[{"id":29137,"href":"https:\/\/ledevon.com\/tr\/wp-json\/wp\/v2\/product\/29010\/revisions\/29137"}],"wp:featuredmedia":[{"embeddable":true,"href":"https:\/\/ledevon.com\/tr\/wp-json\/wp\/v2\/media\/29787"}],"wp:attachment":[{"href":"https:\/\/ledevon.com\/tr\/wp-json\/wp\/v2\/media?parent=29010"}],"wp:term":[{"taxonomy":"product_brand","embeddable":true,"href":"https:\/\/ledevon.com\/tr\/wp-json\/wp\/v2\/product_brand?post=29010"},{"taxonomy":"product_cat","embeddable":true,"href":"https:\/\/ledevon.com\/tr\/wp-json\/wp\/v2\/product_cat?post=29010"},{"taxonomy":"product_tag","embeddable":true,"href":"https:\/\/ledevon.com\/tr\/wp-json\/wp\/v2\/product_tag?post=29010"}],"curies":[{"name":"wp","href":"https:\/\/api.w.org\/{rel}","templated":true}]}}