{"id":29009,"date":"2025-05-01T13:40:55","date_gmt":"2025-05-01T10:40:55","guid":{"rendered":"https:\/\/ledevon.com\/?post_type=product&#038;p=29009"},"modified":"2025-06-09T19:19:10","modified_gmt":"2025-06-09T16:19:10","slug":"love-potion-100ml","status":"publish","type":"product","link":"https:\/\/ledevon.com\/tr\/urun\/love-potion-100ml\/","title":{"rendered":"Love Potion 100ML"},"content":{"rendered":"<body><p>A\u00e7\u0131klama:<br>\n\u200e\u201cLove Potion\u201d, \u00e7ekim g\u00fcc\u00fcn\u00fc bir parf\u00fcme d\u00f6n\u00fc\u015ft\u00fcr\u00fcyor. Baharatl\u0131 \u00fcst notalar, \u200eamberli ve oud\u2019lu kalp ile bulu\u015fur; deri ve vetiver ile karizmatik, mask\u00fclen bir son \u200esunar. B\u00fcy\u00fcleyici, cesur ve ba\u015ftan \u00e7\u0131kar\u0131c\u0131.\u200e<br>\nKoku Piramidi:\u200e<br>\n\u2022 \u00dcst Notalar: Bergamot, K\u0131rm\u0131z\u0131 Biber, Davana<br>\n\u2022 Orta Notalar: Oud, Amber, Biberiye<br>\n\u2022 Alt Notalar: Deri, Beyaz Misk, Vetiver<br>\nKoku Ailesi: Do\u011fulu \/ Deri \/ Baharatl\u0131 Aromatik \/ Odunsu<br>\nKullan\u0131m Tavsiyeleri:\u200e<br>\n\u2022 Mevsimler: Sonbahar ve k\u0131\u015f<br>\n\u2022 Zaman: Gece<br>\n\u2022 Ortam: Romantik bulu\u015fmalar, \u00f6zel geceler, dikkat \u00e7ekmek istedi\u011finiz anlar<br>\n\u2022 Kal\u0131c\u0131l\u0131k &amp; Yay\u0131l\u0131m: Y\u00fcksek \u2013 ba\u015ftan sona etkileyici ve kal\u0131c\u0131<\/p>\n<\/body>","protected":false},"excerpt":{"rendered":"<p>Love Potion, sadece bir koku de\u011fil; b\u00fcy\u00fcleyici bir enerjiye sahip bir a\u015fk \u00e7a\u011fr\u0131s\u0131d\u0131r.\u200e<\/p>\n","protected":false},"featured_media":29705,"comment_status":"open","ping_status":"closed","template":"","meta":{"nf_dc_page":""},"product_brand":[],"product_cat":[126],"product_tag":[],"class_list":{"0":"post-29009","1":"product","2":"type-product","3":"status-publish","4":"has-post-thumbnail","6":"product_cat-uniseks-parfumler","7":"pa_compatibility-uniseks-parfumler-tr","8":"pa_fragrance-family-baharatli-aromatik","9":"pa_fragrance-family-deri","10":"pa_fragrance-family-oryantal","11":"pa_sizemeasurement-100ml-tr-2","13":"first","14":"instock","15":"sale","16":"shipping-taxable","17":"purchasable","18":"product-type-simple"},"jetpack_sharing_enabled":true,"_links":{"self":[{"href":"https:\/\/ledevon.com\/tr\/wp-json\/wp\/v2\/product\/29009","targetHints":{"allow":["GET"]}}],"collection":[{"href":"https:\/\/ledevon.com\/tr\/wp-json\/wp\/v2\/product"}],"about":[{"href":"https:\/\/ledevon.com\/tr\/wp-json\/wp\/v2\/types\/product"}],"replies":[{"embeddable":true,"href":"https:\/\/ledevon.com\/tr\/wp-json\/wp\/v2\/comments?post=29009"}],"version-history":[{"count":1,"href":"https:\/\/ledevon.com\/tr\/wp-json\/wp\/v2\/product\/29009\/revisions"}],"predecessor-version":[{"id":29130,"href":"https:\/\/ledevon.com\/tr\/wp-json\/wp\/v2\/product\/29009\/revisions\/29130"}],"wp:featuredmedia":[{"embeddable":true,"href":"https:\/\/ledevon.com\/tr\/wp-json\/wp\/v2\/media\/29705"}],"wp:attachment":[{"href":"https:\/\/ledevon.com\/tr\/wp-json\/wp\/v2\/media?parent=29009"}],"wp:term":[{"taxonomy":"product_brand","embeddable":true,"href":"https:\/\/ledevon.com\/tr\/wp-json\/wp\/v2\/product_brand?post=29009"},{"taxonomy":"product_cat","embeddable":true,"href":"https:\/\/ledevon.com\/tr\/wp-json\/wp\/v2\/product_cat?post=29009"},{"taxonomy":"product_tag","embeddable":true,"href":"https:\/\/ledevon.com\/tr\/wp-json\/wp\/v2\/product_tag?post=29009"}],"curies":[{"name":"wp","href":"https:\/\/api.w.org\/{rel}","templated":true}]}}