{"id":28995,"date":"2025-05-01T13:40:55","date_gmt":"2025-05-01T10:40:55","guid":{"rendered":"https:\/\/ledevon.com\/?post_type=product&#038;p=28995"},"modified":"2025-06-09T19:18:41","modified_gmt":"2025-06-09T16:18:41","slug":"violet-noir-100ml","status":"publish","type":"product","link":"https:\/\/ledevon.com\/tr\/urun\/violet-noir-100ml\/","title":{"rendered":"Violet Noir 100ML"},"content":{"rendered":"<body><p>A\u00e7\u0131klama:<br>\n\u200e\u201cViolet Noir\u201d, turun\u00e7gillerin ferahl\u0131\u011f\u0131n\u0131 \u00e7i\u00e7eksi ba\u015ftan \u00e7\u0131kar\u0131c\u0131l\u0131kla bulu\u015fturan \u200esofistike bir parf\u00fcmd\u00fcr. Lavanta ve orkideyle zenginle\u015fir, tonka ve amber ile s\u0131cak \u200ebir koku izine d\u00f6n\u00fc\u015f\u00fcr.\u200e<br>\nKoku Piramidi:\u200e<br>\n\u2022 \u00dcst Notalar: Bergamot, Mandalina, Petitgrain<br>\n\u2022 Orta Notalar: Lavanta, Portakal \u00c7i\u00e7e\u011fi, Orkide<br>\n\u2022 Alt Notalar: Vanilya, Tonka Fasulyesi, Amber<br>\nKoku Ailesi: Do\u011fulu \u00c7i\u00e7eksi \/ Narenciyeli \/ Tatl\u0131 Baharatl\u0131<br>\nKullan\u0131m Tavsiyeleri:\u200e<br>\n\u2022 Mevsimler: Sonbahar, k\u0131\u015f ve ilkbahar ak\u015famlar\u0131<br>\n\u2022 Zaman: Gece<br>\n\u2022 Ortam: \u00d6zel davetler, romantik ak\u015famlar, \u015f\u0131k ortamlar<br>\n\u2022 Kal\u0131c\u0131l\u0131k &amp; Yay\u0131l\u0131m: G\u00fc\u00e7l\u00fc ve kal\u0131c\u0131<\/p>\n<\/body>","protected":false},"excerpt":{"rendered":"<p>Violet Noir, etkileyici kad\u0131nlar\u0131n zamans\u0131z ve zarif kokusudur.\u200e<\/p>\n","protected":false},"featured_media":29822,"comment_status":"open","ping_status":"closed","template":"","meta":{"nf_dc_page":""},"product_brand":[],"product_cat":[127,100],"product_tag":[],"class_list":{"0":"post-28995","1":"product","2":"type-product","3":"status-publish","4":"has-post-thumbnail","6":"product_cat-kadin-parfumleri-kadinlar-icin","7":"product_cat-en-cok-satan","8":"pa_compatibility-kadin-parfumleri-kadinlar-icin","9":"pa_fragrance-family-cicek","10":"pa_fragrance-family-narenciye","11":"pa_fragrance-family-sicak-gurme","12":"pa_sizemeasurement-100ml-tr-2","14":"first","15":"instock","16":"sale","17":"shipping-taxable","18":"purchasable","19":"product-type-simple"},"jetpack_sharing_enabled":true,"_links":{"self":[{"href":"https:\/\/ledevon.com\/tr\/wp-json\/wp\/v2\/product\/28995","targetHints":{"allow":["GET"]}}],"collection":[{"href":"https:\/\/ledevon.com\/tr\/wp-json\/wp\/v2\/product"}],"about":[{"href":"https:\/\/ledevon.com\/tr\/wp-json\/wp\/v2\/types\/product"}],"replies":[{"embeddable":true,"href":"https:\/\/ledevon.com\/tr\/wp-json\/wp\/v2\/comments?post=28995"}],"version-history":[{"count":1,"href":"https:\/\/ledevon.com\/tr\/wp-json\/wp\/v2\/product\/28995\/revisions"}],"predecessor-version":[{"id":29126,"href":"https:\/\/ledevon.com\/tr\/wp-json\/wp\/v2\/product\/28995\/revisions\/29126"}],"wp:featuredmedia":[{"embeddable":true,"href":"https:\/\/ledevon.com\/tr\/wp-json\/wp\/v2\/media\/29822"}],"wp:attachment":[{"href":"https:\/\/ledevon.com\/tr\/wp-json\/wp\/v2\/media?parent=28995"}],"wp:term":[{"taxonomy":"product_brand","embeddable":true,"href":"https:\/\/ledevon.com\/tr\/wp-json\/wp\/v2\/product_brand?post=28995"},{"taxonomy":"product_cat","embeddable":true,"href":"https:\/\/ledevon.com\/tr\/wp-json\/wp\/v2\/product_cat?post=28995"},{"taxonomy":"product_tag","embeddable":true,"href":"https:\/\/ledevon.com\/tr\/wp-json\/wp\/v2\/product_tag?post=28995"}],"curies":[{"name":"wp","href":"https:\/\/api.w.org\/{rel}","templated":true}]}}