{"id":28993,"date":"2025-05-01T13:40:55","date_gmt":"2025-05-01T10:40:55","guid":{"rendered":"https:\/\/ledevon.com\/?post_type=product&#038;p=28993"},"modified":"2025-10-22T21:34:18","modified_gmt":"2025-10-22T18:34:18","slug":"tobacco-noir-100ml","status":"publish","type":"product","link":"https:\/\/ledevon.com\/tr\/urun\/tobacco-noir-100ml\/","title":{"rendered":"Tobacco Noir 100ML"},"content":{"rendered":"<body><p>Tobacco Noir \u2013 Le Devon<br>\nUnisex \u2013 100ML<br>\nA\u00e7\u0131klama:<br>\n\u201cTobacco Noir\u201d, baharatl\u0131 s\u0131cakl\u0131k ve yo\u011fun t\u00fct\u00fcn\u00fcn ba\u015frolde oldu\u011fu g\u00fc\u00e7l\u00fc bir karakter parf\u00fcm\u00fcd\u00fcr. Deri, vanilya ve oud ile zenginle\u015fen bu koku, geceye h\u00fckmedenlerin tercihidir.<br>\nKoku Piramidi:<br>\n\u00dcst Notalar: Tar\u00e7\u0131n, Hindistan Cevizi, Zencefil, Safran<br>\nOrta Notalar: Pa\u00e7uli, Sedir, Vetiver, T\u00fct\u00fcn<br>\nAlt Notalar: Sandal A\u011fac\u0131, Guaiac A\u011fac\u0131, Oud, Tonka, Amber, Misk, Vanilya, Deri<br>\nKoku Ailesi: Deri \/ Odunsu \/ T\u00fct\u00fcn \/ Do\u011fulu \/ Baharatl\u0131<br>\nKullan\u0131m Tavsiyeleri:<br>\nMevsimler: K\u0131\u015f ve sonbahar<br>\nZaman: Gece<br>\nOrtam: \u015e\u0131k davetler, \u00f6zel geceler, unutulmaz imzalar<br>\nKal\u0131c\u0131l\u0131k &amp; Yay\u0131l\u0131m: \u00c7ok y\u00fcksek \u2013 derin ve kal\u0131c\u0131 iz b\u0131rak\u0131r<br>\nSonu\u00e7:<br>\nTobacco Noir by Le Devon, geceyi f\u0131s\u0131ldayan yo\u011fun ve unutulmaz\u00a0bir\u00a0kokudur.<\/p>\n<\/body>","protected":false},"excerpt":{"rendered":"<p>Tobacco Noir\u201d, baharatl\u0131 s\u0131cakl\u0131k ve yo\u011fun t\u00fct\u00fcn\u00fcn ba\u015frolde oldu\u011fu g\u00fc\u00e7l\u00fc bir karakter parf\u00fcm\u00fcd\u00fcr. Deri, vanilya ve oud ile zenginle\u015fen bu koku, geceye h\u00fckmedenlerin tercihidir<\/p>\n","protected":false},"featured_media":29690,"comment_status":"open","ping_status":"closed","template":"","meta":{"nf_dc_page":""},"product_brand":[],"product_cat":[126],"product_tag":[],"class_list":{"0":"post-28993","1":"product","2":"type-product","3":"status-publish","4":"has-post-thumbnail","6":"product_cat-uniseks-parfumler","7":"pa_compatibility-uniseks-parfumler-tr","8":"pa_fragrance-family-deri","9":"pa_fragrance-family-odunsu","10":"pa_fragrance-family-tutun","11":"pa_sizemeasurement-100ml-tr-2","13":"first","14":"instock","15":"sale","16":"shipping-taxable","17":"purchasable","18":"product-type-simple"},"jetpack_sharing_enabled":true,"_links":{"self":[{"href":"https:\/\/ledevon.com\/tr\/wp-json\/wp\/v2\/product\/28993","targetHints":{"allow":["GET"]}}],"collection":[{"href":"https:\/\/ledevon.com\/tr\/wp-json\/wp\/v2\/product"}],"about":[{"href":"https:\/\/ledevon.com\/tr\/wp-json\/wp\/v2\/types\/product"}],"replies":[{"embeddable":true,"href":"https:\/\/ledevon.com\/tr\/wp-json\/wp\/v2\/comments?post=28993"}],"version-history":[{"count":1,"href":"https:\/\/ledevon.com\/tr\/wp-json\/wp\/v2\/product\/28993\/revisions"}],"predecessor-version":[{"id":29112,"href":"https:\/\/ledevon.com\/tr\/wp-json\/wp\/v2\/product\/28993\/revisions\/29112"}],"wp:featuredmedia":[{"embeddable":true,"href":"https:\/\/ledevon.com\/tr\/wp-json\/wp\/v2\/media\/29690"}],"wp:attachment":[{"href":"https:\/\/ledevon.com\/tr\/wp-json\/wp\/v2\/media?parent=28993"}],"wp:term":[{"taxonomy":"product_brand","embeddable":true,"href":"https:\/\/ledevon.com\/tr\/wp-json\/wp\/v2\/product_brand?post=28993"},{"taxonomy":"product_cat","embeddable":true,"href":"https:\/\/ledevon.com\/tr\/wp-json\/wp\/v2\/product_cat?post=28993"},{"taxonomy":"product_tag","embeddable":true,"href":"https:\/\/ledevon.com\/tr\/wp-json\/wp\/v2\/product_tag?post=28993"}],"curies":[{"name":"wp","href":"https:\/\/api.w.org\/{rel}","templated":true}]}}