{"id":28992,"date":"2025-05-01T13:40:55","date_gmt":"2025-05-01T10:40:55","guid":{"rendered":"https:\/\/ledevon.com\/?post_type=product&#038;p=28992"},"modified":"2025-06-09T19:16:35","modified_gmt":"2025-06-09T16:16:35","slug":"avalon-100ml","status":"publish","type":"product","link":"https:\/\/ledevon.com\/tr\/urun\/avalon-100ml\/","title":{"rendered":"Avalon 100ML"},"content":{"rendered":"<body><p>\u200e\u201cAvalon\u201d, meyvemsi tazeli\u011fi ve \u00e7i\u00e7eksi yumu\u015fakl\u0131\u011f\u0131 bir araya getiren hayali bir \u200eyolculuktur. Turun\u00e7gil ve ananas ile ne\u015feli bir a\u00e7\u0131l\u0131\u015f, miskli-pudral\u0131 bir kapan\u0131\u015fla \u200edengelenir.\u200e<\/p>\n<p>Koku Piramidi:\u200e<br>\n\u2022 \u00dcst Notalar: \u015eeftali, Elma \u00c7i\u00e7e\u011fi, Ananas<br>\n\u2022 Orta Notalar: Ananas \u00c7i\u00e7e\u011fi<br>\n\u2022 Alt Notalar: Yabani G\u00fcl, Misk, Pa\u00e7uli<br>\nKoku Ailesi: Meyvemsi \/ \u00c7i\u00e7eksi \/ Miskli \/ \u015eipre<\/p>\n<p>Kullan\u0131m Tavsiyeleri:\u200e<br>\n\u2022 Mevsimler: \u0130lkbahar ve yaz<br>\n\u2022 Zaman: G\u00fcn boyu<br>\n\u2022 Ortam: Gen\u00e7 ruhlu tarzlar, g\u00fcnl\u00fck kullan\u0131m, pozitif enerji veren ortamlar<br>\n\u2022 Kal\u0131c\u0131l\u0131k &amp; Yay\u0131l\u0131m: Orta \u2013 hafif, taze ve enerjik<\/p>\n<\/body>","protected":false},"excerpt":{"rendered":"<p>Avalon, hayat dolu anlara hafiflik ve zarafet katan bir koku yolculu\u011fudur.\u200e<\/p>\n","protected":false},"featured_media":29772,"comment_status":"open","ping_status":"closed","template":"","meta":{"nf_dc_page":""},"product_brand":[],"product_cat":[126],"product_tag":[],"class_list":{"0":"post-28992","1":"product","2":"type-product","3":"status-publish","4":"has-post-thumbnail","6":"product_cat-uniseks-parfumler","7":"pa_compatibility-uniseks-parfumler-tr","8":"pa_fragrance-family-meyveli","9":"pa_fragrance-family-misk","10":"pa_fragrance-family-sipre","11":"pa_sizemeasurement-100ml-tr-2","13":"first","14":"instock","15":"sale","16":"shipping-taxable","17":"purchasable","18":"product-type-simple"},"jetpack_sharing_enabled":true,"_links":{"self":[{"href":"https:\/\/ledevon.com\/tr\/wp-json\/wp\/v2\/product\/28992","targetHints":{"allow":["GET"]}}],"collection":[{"href":"https:\/\/ledevon.com\/tr\/wp-json\/wp\/v2\/product"}],"about":[{"href":"https:\/\/ledevon.com\/tr\/wp-json\/wp\/v2\/types\/product"}],"replies":[{"embeddable":true,"href":"https:\/\/ledevon.com\/tr\/wp-json\/wp\/v2\/comments?post=28992"}],"version-history":[{"count":1,"href":"https:\/\/ledevon.com\/tr\/wp-json\/wp\/v2\/product\/28992\/revisions"}],"predecessor-version":[{"id":29108,"href":"https:\/\/ledevon.com\/tr\/wp-json\/wp\/v2\/product\/28992\/revisions\/29108"}],"wp:featuredmedia":[{"embeddable":true,"href":"https:\/\/ledevon.com\/tr\/wp-json\/wp\/v2\/media\/29772"}],"wp:attachment":[{"href":"https:\/\/ledevon.com\/tr\/wp-json\/wp\/v2\/media?parent=28992"}],"wp:term":[{"taxonomy":"product_brand","embeddable":true,"href":"https:\/\/ledevon.com\/tr\/wp-json\/wp\/v2\/product_brand?post=28992"},{"taxonomy":"product_cat","embeddable":true,"href":"https:\/\/ledevon.com\/tr\/wp-json\/wp\/v2\/product_cat?post=28992"},{"taxonomy":"product_tag","embeddable":true,"href":"https:\/\/ledevon.com\/tr\/wp-json\/wp\/v2\/product_tag?post=28992"}],"curies":[{"name":"wp","href":"https:\/\/api.w.org\/{rel}","templated":true}]}}