{"id":28991,"date":"2025-05-01T13:40:55","date_gmt":"2025-05-01T10:40:55","guid":{"rendered":"https:\/\/ledevon.com\/?post_type=product&#038;p=28991"},"modified":"2025-10-31T17:15:59","modified_gmt":"2025-10-31T14:15:59","slug":"sarab-100ml","status":"publish","type":"product","link":"https:\/\/ledevon.com\/tr\/urun\/sarab-100ml\/","title":{"rendered":"Sarab 100ML"},"content":{"rendered":"<body><p>A\u00e7\u0131klama:<br>\nLe Devon\u2019un \u201cSarab\u201d parf\u00fcm\u00fc, duyular\u0131n\u0131z\u0131 yakalayan b\u00fcy\u00fcl\u00fc bir yan\u0131lsamad\u0131r. \u200eHafiflik ve derinlik, ger\u00e7eklik ve hayal aras\u0131nda gizemli bir denge sunar. Turun\u00e7 \u200e\u00e7i\u00e7e\u011fi ve osmanthus ile ferah a\u00e7\u0131l\u0131\u015f yapan bu unisex parf\u00fcm, amber ve vanilya ile \u200e\u0131s\u0131n\u0131r ve misk, vetiver ve odunsu notalarla zarif ve kal\u0131c\u0131 bir iz b\u0131rak\u0131r.\u200e<br>\nKoku Piramidi:\u200e<br>\n\u2022 \u00dcst Notalar: Turun\u00e7 \u00c7i\u00e7e\u011fi, Osmanthus<br>\n\u2022 Orta Notalar: Amber, Vanilya<br>\n\u2022 Alt Notalar: Misk, Vetiver, Odunsu Notalar<br>\nKoku Ailesi: Do\u011fulu \/ Odunsu \/ \u00c7i\u00e7eksi<br>\nKullan\u0131m Tavsiyeleri:\u200e<br>\n\u2022 Mevsimler: Sonbahar ve k\u0131\u015f, serin ilkbahar ak\u015famlar\u0131 i\u00e7in ideal<br>\n\u2022 Zaman: Ak\u015fam ve gece<br>\n\u2022 Ortam: \u00d6zel davetler, romantik anlar, \u015f\u0131k toplant\u0131lar<br>\n\u2022 Kal\u0131c\u0131l\u0131k &amp; Yay\u0131l\u0131m: Uzun \u00f6m\u00fcrl\u00fc, etkileyici bir iz b\u0131rak\u0131r<\/p>\n<\/body>","protected":false},"excerpt":{"rendered":"<p>Sarab, sadece bir koku de\u011fil; sizi gizemin ve zarafetin i\u00e7ine \u00e7eken bir duyu \u200eyolculu\u011fudur.\u200e<\/p>\n","protected":false},"featured_media":29781,"comment_status":"open","ping_status":"closed","template":"","meta":{"nf_dc_page":""},"product_brand":[],"product_cat":[126,100],"product_tag":[],"class_list":{"0":"post-28991","1":"product","2":"type-product","3":"status-publish","4":"has-post-thumbnail","6":"product_cat-uniseks-parfumler","7":"product_cat-en-cok-satan","8":"pa_compatibility-uniseks-parfumler-tr","9":"pa_fragrance-family-cicek","10":"pa_fragrance-family-odunsu","11":"pa_fragrance-family-oryantal","12":"pa_sizemeasurement-100ml-tr-2","14":"first","15":"instock","16":"sale","17":"shipping-taxable","18":"purchasable","19":"product-type-simple"},"jetpack_sharing_enabled":true,"_links":{"self":[{"href":"https:\/\/ledevon.com\/tr\/wp-json\/wp\/v2\/product\/28991","targetHints":{"allow":["GET"]}}],"collection":[{"href":"https:\/\/ledevon.com\/tr\/wp-json\/wp\/v2\/product"}],"about":[{"href":"https:\/\/ledevon.com\/tr\/wp-json\/wp\/v2\/types\/product"}],"replies":[{"embeddable":true,"href":"https:\/\/ledevon.com\/tr\/wp-json\/wp\/v2\/comments?post=28991"}],"version-history":[{"count":1,"href":"https:\/\/ledevon.com\/tr\/wp-json\/wp\/v2\/product\/28991\/revisions"}],"predecessor-version":[{"id":29104,"href":"https:\/\/ledevon.com\/tr\/wp-json\/wp\/v2\/product\/28991\/revisions\/29104"}],"wp:featuredmedia":[{"embeddable":true,"href":"https:\/\/ledevon.com\/tr\/wp-json\/wp\/v2\/media\/29781"}],"wp:attachment":[{"href":"https:\/\/ledevon.com\/tr\/wp-json\/wp\/v2\/media?parent=28991"}],"wp:term":[{"taxonomy":"product_brand","embeddable":true,"href":"https:\/\/ledevon.com\/tr\/wp-json\/wp\/v2\/product_brand?post=28991"},{"taxonomy":"product_cat","embeddable":true,"href":"https:\/\/ledevon.com\/tr\/wp-json\/wp\/v2\/product_cat?post=28991"},{"taxonomy":"product_tag","embeddable":true,"href":"https:\/\/ledevon.com\/tr\/wp-json\/wp\/v2\/product_tag?post=28991"}],"curies":[{"name":"wp","href":"https:\/\/api.w.org\/{rel}","templated":true}]}}