{"id":28990,"date":"2025-05-01T13:40:55","date_gmt":"2025-05-01T10:40:55","guid":{"rendered":"https:\/\/ledevon.com\/?post_type=product&#038;p=28990"},"modified":"2025-09-08T01:43:18","modified_gmt":"2025-09-07T22:43:18","slug":"bonne-soiree-100ml","status":"publish","type":"product","link":"https:\/\/ledevon.com\/tr\/urun\/bonne-soiree-100ml\/","title":{"rendered":"Bonne soir\u00e9e 100ML"},"content":{"rendered":"<body><p>A\u00e7\u0131klama:<br>\nBonne Soir\u00e9e Frans\u0131zcada \u201c\u0130yi Ak\u015famlar\u201d anlam\u0131na gelir ve bu koku unutulmaz gecelerin b\u00fcy\u00fcs\u00fcn\u00fc ger\u00e7ekten yakalar. Sulu narenciye notalar\u0131yla a\u00e7\u0131l\u0131r, bal ve \u015feftaliye bat\u0131r\u0131lm\u0131\u015f yemye\u015fil bir \u00e7i\u00e7ek kalbine akar ve s\u0131cakl\u0131k ve \u015f\u0131martma dolu zengin bir gurme tabana yerle\u015fir.<br>\nKoku Piramidi:\u200e<br>\n\u2022 \u00dcst Notalar: Kan Portakal\u0131, Mandalina<br>\n\u2022 Orta Notalar: Bal, Gardenya, Portakal \u00c7i\u00e7e\u011fi, Yasemin, \u015eeftali<br>\n\u2022 Alt Notalar: Balmumu, Karamel, Pa\u00e7uli, Meyan K\u00f6k\u00fc<br>\nKoku Ailesi: Gurme \u00c7i\u00e7eksi \/ Meyveli \/ S\u0131cak Oryantal<br>\nKullan\u0131m \u0130pu\u00e7lar\u0131:\u200e<br>\n\u2022 Mevsimler: Sonbahar ve k\u0131\u015f<br>\n\u2022 En \u0130yi Zaman: Ak\u015famlar ve \u00f6zel g\u00fcnler<br>\n\u2022 F\u0131rsatlar: Partiler, romantik bulu\u015fmalar, \u015fenlikli geceler<br>\n\u2022 Uzun \u00d6m\u00fcr ve Sillage: G\u00fc\u00e7l\u00fc, b\u00fcy\u00fcleyici ve uzun \u00f6m\u00fcrl\u00fc<\/p>\n<\/body>","protected":false},"excerpt":{"rendered":"<ul>\n<li>Oryantal notalar\u0131n ve vanilyan\u0131n l\u00fcks bir kar\u0131\u015f\u0131m\u0131<\/li>\n<li>Abiye giyim ve \u00f6zel etkinlikler i\u00e7in \u015f\u0131k bir dokunu\u015f<\/li>\n<li>Tarz\u0131n\u0131z\u0131 tamamlayacak g\u00fczel tasar\u0131ml\u0131 \u015fi\u015fe<\/li>\n<\/ul>\n","protected":false},"featured_media":29862,"comment_status":"open","ping_status":"closed","template":"","meta":{"nf_dc_page":""},"product_brand":[],"product_cat":[127],"product_tag":[],"class_list":{"0":"post-28990","1":"product","2":"type-product","3":"status-publish","4":"has-post-thumbnail","6":"product_cat-kadin-parfumleri-kadinlar-icin","7":"pa_compatibility-kadin-parfumleri-kadinlar-icin","8":"pa_fragrance-family-gurme-cicek","9":"pa_fragrance-family-meyveli","10":"pa_fragrance-family-sicak-oryantal","11":"pa_sizemeasurement-100ml-tr-2","13":"first","14":"instock","15":"sale","16":"shipping-taxable","17":"purchasable","18":"product-type-simple"},"jetpack_sharing_enabled":true,"_links":{"self":[{"href":"https:\/\/ledevon.com\/tr\/wp-json\/wp\/v2\/product\/28990","targetHints":{"allow":["GET"]}}],"collection":[{"href":"https:\/\/ledevon.com\/tr\/wp-json\/wp\/v2\/product"}],"about":[{"href":"https:\/\/ledevon.com\/tr\/wp-json\/wp\/v2\/types\/product"}],"replies":[{"embeddable":true,"href":"https:\/\/ledevon.com\/tr\/wp-json\/wp\/v2\/comments?post=28990"}],"version-history":[{"count":2,"href":"https:\/\/ledevon.com\/tr\/wp-json\/wp\/v2\/product\/28990\/revisions"}],"predecessor-version":[{"id":29323,"href":"https:\/\/ledevon.com\/tr\/wp-json\/wp\/v2\/product\/28990\/revisions\/29323"}],"wp:featuredmedia":[{"embeddable":true,"href":"https:\/\/ledevon.com\/tr\/wp-json\/wp\/v2\/media\/29862"}],"wp:attachment":[{"href":"https:\/\/ledevon.com\/tr\/wp-json\/wp\/v2\/media?parent=28990"}],"wp:term":[{"taxonomy":"product_brand","embeddable":true,"href":"https:\/\/ledevon.com\/tr\/wp-json\/wp\/v2\/product_brand?post=28990"},{"taxonomy":"product_cat","embeddable":true,"href":"https:\/\/ledevon.com\/tr\/wp-json\/wp\/v2\/product_cat?post=28990"},{"taxonomy":"product_tag","embeddable":true,"href":"https:\/\/ledevon.com\/tr\/wp-json\/wp\/v2\/product_tag?post=28990"}],"curies":[{"name":"wp","href":"https:\/\/api.w.org\/{rel}","templated":true}]}}