{"id":28989,"date":"2025-05-01T13:40:55","date_gmt":"2025-05-01T10:40:55","guid":{"rendered":"https:\/\/ledevon.com\/?post_type=product&#038;p=28989"},"modified":"2025-10-31T17:24:20","modified_gmt":"2025-10-31T14:24:20","slug":"tobaz-100m","status":"publish","type":"product","link":"https:\/\/ledevon.com\/tr\/urun\/tobaz-100m\/","title":{"rendered":"Topaz 100M"},"content":{"rendered":"<body><p>A\u00e7\u0131klama:<br>\nTopaz ta\u015f\u0131n\u0131n berrakl\u0131\u011f\u0131 ve g\u00fcc\u00fcnden ilham alan \u201cTobaz\u201d, canl\u0131, parlak ve zarif bir \u200eparf\u00fcmd\u00fcr. Greyfurt ve pembe biberle taze bir a\u00e7\u0131l\u0131\u015f yapar, T\u00fcrk g\u00fcl\u00fc ve beyaz \u200e\u00e7i\u00e7eklerle zenginle\u015fir, misk ve amberle s\u0131cak bir karakter kazan\u0131r.\u200e<\/p>\n<p>Koku Piramidi:\u200e<br>\n\u2022 \u00dcst Notalar: Greyfurt, Pembe Biber<br>\n\u2022 Orta Notalar: Beyaz \u00c7i\u00e7ekler, T\u00fcrk G\u00fcl\u00fc, K\u0131rm\u0131z\u0131 Meyveler<br>\n\u2022 Alt Notalar: Misk, Amber, Pa\u00e7uli<br>\nKoku Ailesi: Meyvemsi \/ \u00c7i\u00e7eksi \/ Do\u011fulu<\/p>\n<p>Kullan\u0131m Tavsiyeleri:\u200e<br>\n\u2022 Mevsimler: \u0130lkbahar ve sonbahar, \u0131l\u0131man yaz g\u00fcnlerinde de uygundur<br>\n\u2022 Zaman: G\u00fcnd\u00fcz ve gece<br>\n\u2022 Ortam: Sosyal bulu\u015fmalar, i\u015f toplant\u0131lar\u0131, g\u00fcnl\u00fck \u015f\u0131kl\u0131k<br>\n\u2022 Kal\u0131c\u0131l\u0131k &amp; Yay\u0131l\u0131m: \u0130yi ile m\u00fckemmel aras\u0131nda, zarif bir iz b\u0131rak\u0131r<\/p>\n<\/body>","protected":false},"excerpt":{"rendered":"<p>Tobaz, \u00e7i\u00e7eksi zarafeti ve do\u011fulu ihti\u015fam\u0131 bir araya getiren modern bir imzad\u0131r.\u200e<\/p>\n","protected":false},"featured_media":29816,"comment_status":"open","ping_status":"closed","template":"","meta":{"nf_dc_page":""},"product_brand":[],"product_cat":[126],"product_tag":[],"class_list":{"0":"post-28989","1":"product","2":"type-product","3":"status-publish","4":"has-post-thumbnail","6":"product_cat-uniseks-parfumler","7":"pa_compatibility-uniseks-parfumler-tr","8":"pa_fragrance-family-cicek","9":"pa_fragrance-family-gurme","10":"pa_fragrance-family-meyveli","11":"pa_fragrance-family-oryantal","12":"pa_sizemeasurement-100ml-tr-2","14":"first","15":"instock","16":"sale","17":"shipping-taxable","18":"purchasable","19":"product-type-simple"},"jetpack_sharing_enabled":true,"_links":{"self":[{"href":"https:\/\/ledevon.com\/tr\/wp-json\/wp\/v2\/product\/28989","targetHints":{"allow":["GET"]}}],"collection":[{"href":"https:\/\/ledevon.com\/tr\/wp-json\/wp\/v2\/product"}],"about":[{"href":"https:\/\/ledevon.com\/tr\/wp-json\/wp\/v2\/types\/product"}],"replies":[{"embeddable":true,"href":"https:\/\/ledevon.com\/tr\/wp-json\/wp\/v2\/comments?post=28989"}],"version-history":[{"count":3,"href":"https:\/\/ledevon.com\/tr\/wp-json\/wp\/v2\/product\/28989\/revisions"}],"predecessor-version":[{"id":29841,"href":"https:\/\/ledevon.com\/tr\/wp-json\/wp\/v2\/product\/28989\/revisions\/29841"}],"wp:featuredmedia":[{"embeddable":true,"href":"https:\/\/ledevon.com\/tr\/wp-json\/wp\/v2\/media\/29816"}],"wp:attachment":[{"href":"https:\/\/ledevon.com\/tr\/wp-json\/wp\/v2\/media?parent=28989"}],"wp:term":[{"taxonomy":"product_brand","embeddable":true,"href":"https:\/\/ledevon.com\/tr\/wp-json\/wp\/v2\/product_brand?post=28989"},{"taxonomy":"product_cat","embeddable":true,"href":"https:\/\/ledevon.com\/tr\/wp-json\/wp\/v2\/product_cat?post=28989"},{"taxonomy":"product_tag","embeddable":true,"href":"https:\/\/ledevon.com\/tr\/wp-json\/wp\/v2\/product_tag?post=28989"}],"curies":[{"name":"wp","href":"https:\/\/api.w.org\/{rel}","templated":true}]}}