{"id":28988,"date":"2025-05-01T13:40:55","date_gmt":"2025-05-01T10:40:55","guid":{"rendered":"https:\/\/ledevon.com\/?post_type=product&#038;p=28988"},"modified":"2025-06-09T19:13:18","modified_gmt":"2025-06-09T16:13:18","slug":"eternal-love-100ml","status":"publish","type":"product","link":"https:\/\/ledevon.com\/tr\/urun\/eternal-love-100ml\/","title":{"rendered":"Eternal Love 100ML"},"content":{"rendered":"<body><p>A\u00e7\u0131klama:<br>\n\u200e\u201cEternal Love\u201d, zarafetin ve duygusall\u0131\u011f\u0131n kokusal bir anlat\u0131m\u0131d\u0131r. Bergamot ve \u200enarenciyelerle a\u00e7\u0131lan bu koku, romantik bir \u00e7i\u00e7ek buketiyle kalbini sunar ve misk, \u200eamber ve sandal a\u011fac\u0131 ile duygusal bir iz b\u0131rak\u0131r.\u200e<br>\nKoku Piramidi:\u200e<br>\n\u2022 \u00dcst Notalar: Bergamot, Greyfurt, Mandalina<br>\n\u2022 Orta Notalar: G\u00fcl, Yasemin, M\u00fcge<br>\n\u2022 Alt Notalar: Misk, Amber, Sandal A\u011fac\u0131<br>\nKoku Ailesi: \u00c7i\u00e7eksi \/ Narenciyeli \/ Yumu\u015fak Odunsu<br>\nKullan\u0131m Tavsiyeleri:\u200e<br>\n\u2022 Mevsimler: \u0130lkbahar ve yaz<br>\n\u2022 Zaman: G\u00fcnd\u00fcz<br>\n\u2022 Ortam: G\u00fcnl\u00fck kullan\u0131m, romantik bulu\u015fmalar, hafif \u015f\u0131kl\u0131k<br>\n\u2022 Kal\u0131c\u0131l\u0131k &amp; Yay\u0131l\u0131m: Orta seviyede \u2013 zarif ve feminen bir iz<\/p>\n<\/body>","protected":false},"excerpt":{"rendered":"<p>Eternal Love, kalpten gelen duygular\u0131 teninizde zarif\u00e7e ta\u015f\u0131r.\u200e<\/p>\n","protected":false},"featured_media":29831,"comment_status":"open","ping_status":"closed","template":"","meta":{"nf_dc_page":""},"product_brand":[],"product_cat":[127,100],"product_tag":[],"class_list":{"0":"post-28988","1":"product","2":"type-product","3":"status-publish","4":"has-post-thumbnail","6":"product_cat-kadin-parfumleri-kadinlar-icin","7":"product_cat-en-cok-satan","8":"pa_compatibility-kadin-parfumleri-kadinlar-icin","9":"pa_fragrance-family-cicek","10":"pa_fragrance-family-narenciye","11":"pa_fragrance-family-yumusak-odunsu","12":"pa_sizemeasurement-100ml-tr-2","14":"first","15":"instock","16":"sale","17":"shipping-taxable","18":"purchasable","19":"product-type-simple"},"jetpack_sharing_enabled":true,"_links":{"self":[{"href":"https:\/\/ledevon.com\/tr\/wp-json\/wp\/v2\/product\/28988","targetHints":{"allow":["GET"]}}],"collection":[{"href":"https:\/\/ledevon.com\/tr\/wp-json\/wp\/v2\/product"}],"about":[{"href":"https:\/\/ledevon.com\/tr\/wp-json\/wp\/v2\/types\/product"}],"replies":[{"embeddable":true,"href":"https:\/\/ledevon.com\/tr\/wp-json\/wp\/v2\/comments?post=28988"}],"version-history":[{"count":1,"href":"https:\/\/ledevon.com\/tr\/wp-json\/wp\/v2\/product\/28988\/revisions"}],"predecessor-version":[{"id":29101,"href":"https:\/\/ledevon.com\/tr\/wp-json\/wp\/v2\/product\/28988\/revisions\/29101"}],"wp:featuredmedia":[{"embeddable":true,"href":"https:\/\/ledevon.com\/tr\/wp-json\/wp\/v2\/media\/29831"}],"wp:attachment":[{"href":"https:\/\/ledevon.com\/tr\/wp-json\/wp\/v2\/media?parent=28988"}],"wp:term":[{"taxonomy":"product_brand","embeddable":true,"href":"https:\/\/ledevon.com\/tr\/wp-json\/wp\/v2\/product_brand?post=28988"},{"taxonomy":"product_cat","embeddable":true,"href":"https:\/\/ledevon.com\/tr\/wp-json\/wp\/v2\/product_cat?post=28988"},{"taxonomy":"product_tag","embeddable":true,"href":"https:\/\/ledevon.com\/tr\/wp-json\/wp\/v2\/product_tag?post=28988"}],"curies":[{"name":"wp","href":"https:\/\/api.w.org\/{rel}","templated":true}]}}