{"id":28987,"date":"2025-05-01T13:40:55","date_gmt":"2025-05-01T10:40:55","guid":{"rendered":"https:\/\/ledevon.com\/?post_type=product&#038;p=28987"},"modified":"2025-06-09T19:12:39","modified_gmt":"2025-06-09T16:12:39","slug":"cuddle-100ml","status":"publish","type":"product","link":"https:\/\/ledevon.com\/tr\/urun\/cuddle-100ml\/","title":{"rendered":"Cuddle 100ML"},"content":{"rendered":"<body><p>A\u00e7\u0131klama:<br>\n\u200e\u201cCuddle\u201d, adeta bir koku de\u011fil, yumu\u015fac\u0131k bir sar\u0131lma hissi. Bergamot ve pembe \u200ebiberle canl\u0131 bir a\u00e7\u0131l\u0131\u015f yapar, \u00e7i\u00e7eksi ve miskli bir kalple sizi sarmalar, tonka \u200efasulyesi, pralin ve amber ile tatl\u0131 ve s\u0131cak bir son dokunu\u015f sa\u011flar.\u200e<br>\nKoku Piramidi:\u200e<br>\n\u2022 \u00dcst Notalar: Bergamot, Pembe Biber, Sambac Yasemini<br>\n\u2022 Orta Notalar: S\u00fcmb\u00fclteber, Yasemin, Portakal \u00c7i\u00e7e\u011fi<br>\n\u2022 Alt Notalar: Tonka Fasulyesi, Pralin, Amber<br>\nKoku Ailesi: \u00c7i\u00e7eksi \/ Pudral\u0131 \/ Gourmand<br>\nKullan\u0131m Tavsiyeleri:\u200e<br>\n\u2022 Mevsimler: Sonbahar ve k\u0131\u015f, hafif bahar g\u00fcnleri i\u00e7in de uygun<br>\n\u2022 Zaman: Ak\u015fam, romantik anlar, ki\u015fisel zamanlar<br>\n\u2022 Ortam: Sessiz geceler, huzurlu anlar, kendine \u00f6zel dokunu\u015flar<br>\n\u2022 Kal\u0131c\u0131l\u0131k &amp; Yay\u0131l\u0131m: Orta ile g\u00fc\u00e7l\u00fc aras\u0131nda, yumu\u015fak ve etkileyici<\/p>\n<\/body>","protected":false},"excerpt":{"rendered":"<p>Cuddle, zarif kad\u0131nlar\u0131n ruhunu saran ve i\u00e7ten gelen g\u00fczelli\u011fi yans\u0131tan kokusudur.\u200e<\/p>\n","protected":false},"featured_media":29828,"comment_status":"open","ping_status":"closed","template":"","meta":{"nf_dc_page":""},"product_brand":[],"product_cat":[127,100],"product_tag":[],"class_list":{"0":"post-28987","1":"product","2":"type-product","3":"status-publish","4":"has-post-thumbnail","6":"product_cat-kadin-parfumleri-kadinlar-icin","7":"product_cat-en-cok-satan","8":"pa_compatibility-kadin-parfumleri-kadinlar-icin","9":"pa_fragrance-family-cicek","10":"pa_fragrance-family-gurme","11":"pa_fragrance-family-tozlu","12":"pa_sizemeasurement-100ml-tr-2","14":"first","15":"instock","16":"sale","17":"shipping-taxable","18":"purchasable","19":"product-type-simple"},"jetpack_sharing_enabled":true,"_links":{"self":[{"href":"https:\/\/ledevon.com\/tr\/wp-json\/wp\/v2\/product\/28987","targetHints":{"allow":["GET"]}}],"collection":[{"href":"https:\/\/ledevon.com\/tr\/wp-json\/wp\/v2\/product"}],"about":[{"href":"https:\/\/ledevon.com\/tr\/wp-json\/wp\/v2\/types\/product"}],"replies":[{"embeddable":true,"href":"https:\/\/ledevon.com\/tr\/wp-json\/wp\/v2\/comments?post=28987"}],"version-history":[{"count":1,"href":"https:\/\/ledevon.com\/tr\/wp-json\/wp\/v2\/product\/28987\/revisions"}],"predecessor-version":[{"id":29094,"href":"https:\/\/ledevon.com\/tr\/wp-json\/wp\/v2\/product\/28987\/revisions\/29094"}],"wp:featuredmedia":[{"embeddable":true,"href":"https:\/\/ledevon.com\/tr\/wp-json\/wp\/v2\/media\/29828"}],"wp:attachment":[{"href":"https:\/\/ledevon.com\/tr\/wp-json\/wp\/v2\/media?parent=28987"}],"wp:term":[{"taxonomy":"product_brand","embeddable":true,"href":"https:\/\/ledevon.com\/tr\/wp-json\/wp\/v2\/product_brand?post=28987"},{"taxonomy":"product_cat","embeddable":true,"href":"https:\/\/ledevon.com\/tr\/wp-json\/wp\/v2\/product_cat?post=28987"},{"taxonomy":"product_tag","embeddable":true,"href":"https:\/\/ledevon.com\/tr\/wp-json\/wp\/v2\/product_tag?post=28987"}],"curies":[{"name":"wp","href":"https:\/\/api.w.org\/{rel}","templated":true}]}}