{"id":28986,"date":"2025-05-01T13:40:55","date_gmt":"2025-05-01T10:40:55","guid":{"rendered":"https:\/\/ledevon.com\/?post_type=product&#038;p=28986"},"modified":"2025-05-03T08:50:33","modified_gmt":"2025-05-03T08:50:33","slug":"soft-silk-100ml","status":"publish","type":"product","link":"https:\/\/ledevon.com\/tr\/urun\/soft-silk-100ml\/","title":{"rendered":"Soft Silk 100ML"},"content":{"rendered":"<body><p>A\u00e7\u0131klama:<br>\n\u200e\u201cSoft Silk\u201d, ad\u0131ndan da anla\u015f\u0131laca\u011f\u0131 gibi, ipeksi bir dokunu\u015f gibi teninize \u200eyumu\u015fakl\u0131k getirir. Narenciye \u00e7i\u00e7ekleriyle ba\u015flayan bu zarif koku, miskle sadele\u015fir \u200eve tatl\u0131 odunsu notalarla tamamlan\u0131r.\u200e<br>\nKoku Piramidi:\u200e<br>\n\u2022 \u00dcst Notalar: Bulgar Yasemini, Portakal \u00c7i\u00e7e\u011fi<br>\n\u2022 Orta Notalar: Misk<br>\n\u2022 Alt Notalar: Kumarin, Sedir, Vetiver, Pa\u00e7uli<br>\nKoku Ailesi: \u00c7i\u00e7eksi \/ Pudral\u0131 \/ Yumu\u015fak Odunsu<br>\nKullan\u0131m Tavsiyeleri:\u200e<br>\n\u2022 Mevsimler: \u0130lkbahar, sonbahar, hafif yaz g\u00fcnleri<br>\n\u2022 Zaman: G\u00fcnd\u00fcz, ofis, sade \u015f\u0131kl\u0131k<br>\n\u2022 Ortam: G\u00fcnl\u00fck zarafet, i\u015f ortam\u0131, huzurlu anlar<br>\n\u2022 Kal\u0131c\u0131l\u0131k &amp; Yay\u0131l\u0131m: Orta \u2013 sade, temiz ve zarif<\/p>\n<\/body>","protected":false},"excerpt":{"rendered":"<p>Soft Silk, zarafetin ve hassasiyetin teninizde hayat buldu\u011fu bir koku dokunu\u015fudur.\u200e<\/p>\n","protected":false},"featured_media":28275,"comment_status":"open","ping_status":"closed","template":"","meta":{"nf_dc_page":""},"product_brand":[],"product_cat":[127,100],"product_tag":[],"class_list":{"0":"post-28986","1":"product","2":"type-product","3":"status-publish","4":"has-post-thumbnail","6":"product_cat-kadin-parfumleri-kadinlar-icin","7":"product_cat-en-cok-satan","8":"pa_compatibility-kadin-parfumleri-kadinlar-icin","9":"pa_fragrance-family-cicek","10":"pa_fragrance-family-tozlu","11":"pa_fragrance-family-yumusak-odunsu","12":"pa_sizemeasurement-100ml-tr-2","14":"first","15":"instock","16":"sale","17":"shipping-taxable","18":"purchasable","19":"product-type-simple"},"jetpack_sharing_enabled":true,"_links":{"self":[{"href":"https:\/\/ledevon.com\/tr\/wp-json\/wp\/v2\/product\/28986","targetHints":{"allow":["GET"]}}],"collection":[{"href":"https:\/\/ledevon.com\/tr\/wp-json\/wp\/v2\/product"}],"about":[{"href":"https:\/\/ledevon.com\/tr\/wp-json\/wp\/v2\/types\/product"}],"replies":[{"embeddable":true,"href":"https:\/\/ledevon.com\/tr\/wp-json\/wp\/v2\/comments?post=28986"}],"version-history":[{"count":1,"href":"https:\/\/ledevon.com\/tr\/wp-json\/wp\/v2\/product\/28986\/revisions"}],"predecessor-version":[{"id":29090,"href":"https:\/\/ledevon.com\/tr\/wp-json\/wp\/v2\/product\/28986\/revisions\/29090"}],"wp:featuredmedia":[{"embeddable":true,"href":"https:\/\/ledevon.com\/tr\/wp-json\/wp\/v2\/media\/28275"}],"wp:attachment":[{"href":"https:\/\/ledevon.com\/tr\/wp-json\/wp\/v2\/media?parent=28986"}],"wp:term":[{"taxonomy":"product_brand","embeddable":true,"href":"https:\/\/ledevon.com\/tr\/wp-json\/wp\/v2\/product_brand?post=28986"},{"taxonomy":"product_cat","embeddable":true,"href":"https:\/\/ledevon.com\/tr\/wp-json\/wp\/v2\/product_cat?post=28986"},{"taxonomy":"product_tag","embeddable":true,"href":"https:\/\/ledevon.com\/tr\/wp-json\/wp\/v2\/product_tag?post=28986"}],"curies":[{"name":"wp","href":"https:\/\/api.w.org\/{rel}","templated":true}]}}