{"id":28985,"date":"2025-05-01T13:40:55","date_gmt":"2025-05-01T10:40:55","guid":{"rendered":"https:\/\/ledevon.com\/?post_type=product&#038;p=28985"},"modified":"2025-05-03T08:50:33","modified_gmt":"2025-05-03T08:50:33","slug":"midnight-euphoria-100ml","status":"publish","type":"product","link":"https:\/\/ledevon.com\/tr\/urun\/midnight-euphoria-100ml\/","title":{"rendered":"Midnight Euphoria 100ML"},"content":{"rendered":"<body><p>A\u00e7\u0131klama:<br>\n\u200e\u201cMidnight Euphoria\u201d, geceye dair t\u00fcm gizemi ve kad\u0131ns\u0131 \u00e7ekicili\u011fi i\u00e7inde \u200ebar\u0131nd\u0131ran b\u00fcy\u00fcleyici bir parf\u00fcmd\u00fcr. Orman meyveleriyle tatl\u0131 ve enerjik bir a\u00e7\u0131l\u0131\u015f \u200eyapar, \u00e7i\u00e7eklerle bezeli zarif bir kalbe ula\u015f\u0131r, misk ve vanilya ile derin ve romantik \u200ebir son sunar.\u200e<br>\nKoku Piramidi:\u200e<br>\n\u2022 \u00dcst Notalar: Ahududu, Frenk \u00dcz\u00fcm\u00fc, \u00c7ilek, Pembe Greyfurt, \u00c7in Tar\u00e7\u0131n\u0131<br>\n\u2022 Orta Notalar: G\u00fcl, Menek\u015fe, K\u0131rm\u0131z\u0131 \u015eakay\u0131k, M\u00fcge, S\u00fcsen<br>\n\u2022 Alt Notalar: Misk, Ka\u015fmir A\u011fac\u0131, Vanilya<br>\nKoku Ailesi: Meyvemsi \u00c7i\u00e7eksi \/ Pudral\u0131 \/ Yumu\u015fak Do\u011fulu<br>\nKullan\u0131m Tavsiyeleri:\u200e<br>\n\u2022 Mevsimler: Sonbahar ve k\u0131\u015f, serin yaz geceleri i\u00e7in de uygun<br>\n\u2022 Zaman: Gece<br>\n\u2022 Ortam: Romantik ak\u015famlar, \u00f6zel bulu\u015fmalar, etkileyici davetler<br>\n\u2022 Kal\u0131c\u0131l\u0131k &amp; Yay\u0131l\u0131m: G\u00fc\u00e7l\u00fc, zarif ve dikkat \u00e7ekici<\/p>\n<\/body>","protected":false},"excerpt":{"rendered":"<p>Midnight Euphoria, geceyi sahiplenen ve \u0131\u015f\u0131lt\u0131s\u0131yla b\u00fcy\u00fcleyen kad\u0131nlar\u0131n \u200evazge\u00e7ilmez parf\u00fcm\u00fcd\u00fcr.\u200e<\/p>\n","protected":false},"featured_media":29809,"comment_status":"open","ping_status":"closed","template":"","meta":{"nf_dc_page":""},"product_brand":[],"product_cat":[127,100],"product_tag":[],"class_list":{"0":"post-28985","1":"product","2":"type-product","3":"status-publish","4":"has-post-thumbnail","6":"product_cat-kadin-parfumleri-kadinlar-icin","7":"product_cat-en-cok-satan","8":"pa_compatibility-kadin-parfumleri-kadinlar-icin","9":"pa_fragrance-family-meyveli-cicek","10":"pa_fragrance-family-tozlu","11":"pa_fragrance-family-yumusak-oryantal","12":"pa_sizemeasurement-100ml-tr-2","14":"first","15":"instock","16":"sale","17":"shipping-taxable","18":"purchasable","19":"product-type-simple"},"jetpack_sharing_enabled":true,"_links":{"self":[{"href":"https:\/\/ledevon.com\/tr\/wp-json\/wp\/v2\/product\/28985","targetHints":{"allow":["GET"]}}],"collection":[{"href":"https:\/\/ledevon.com\/tr\/wp-json\/wp\/v2\/product"}],"about":[{"href":"https:\/\/ledevon.com\/tr\/wp-json\/wp\/v2\/types\/product"}],"replies":[{"embeddable":true,"href":"https:\/\/ledevon.com\/tr\/wp-json\/wp\/v2\/comments?post=28985"}],"version-history":[{"count":1,"href":"https:\/\/ledevon.com\/tr\/wp-json\/wp\/v2\/product\/28985\/revisions"}],"predecessor-version":[{"id":29089,"href":"https:\/\/ledevon.com\/tr\/wp-json\/wp\/v2\/product\/28985\/revisions\/29089"}],"wp:featuredmedia":[{"embeddable":true,"href":"https:\/\/ledevon.com\/tr\/wp-json\/wp\/v2\/media\/29809"}],"wp:attachment":[{"href":"https:\/\/ledevon.com\/tr\/wp-json\/wp\/v2\/media?parent=28985"}],"wp:term":[{"taxonomy":"product_brand","embeddable":true,"href":"https:\/\/ledevon.com\/tr\/wp-json\/wp\/v2\/product_brand?post=28985"},{"taxonomy":"product_cat","embeddable":true,"href":"https:\/\/ledevon.com\/tr\/wp-json\/wp\/v2\/product_cat?post=28985"},{"taxonomy":"product_tag","embeddable":true,"href":"https:\/\/ledevon.com\/tr\/wp-json\/wp\/v2\/product_tag?post=28985"}],"curies":[{"name":"wp","href":"https:\/\/api.w.org\/{rel}","templated":true}]}}