{"id":28984,"date":"2025-05-01T13:40:55","date_gmt":"2025-05-01T10:40:55","guid":{"rendered":"https:\/\/ledevon.com\/?post_type=product&#038;p=28984"},"modified":"2025-10-31T17:24:15","modified_gmt":"2025-10-31T14:24:15","slug":"incense-malaki-100ml","status":"publish","type":"product","link":"https:\/\/ledevon.com\/tr\/urun\/incense-malaki-100ml\/","title":{"rendered":"incense Malaki 100ML"},"content":{"rendered":"<body><p>A\u00e7\u0131klama:<br>\n\u200e\u201cIncense Malaki\u201d, modern erke\u011fin zarif ama g\u00fc\u00e7l\u00fc karakterini yans\u0131tan taze ve \u200etemiz bir koku sunar. Narenciye ile ayd\u0131nl\u0131k bir a\u00e7\u0131l\u0131\u015f yapar, deniz notalar\u0131 ve \u200eend\u00fcstriyel tonlarla mask\u00fclen bir derinli\u011fe ula\u015f\u0131r, misk ve sedirle son bulur.\u200e<br>\nKoku Piramidi:\u200e<br>\n\u2022 \u00dcst Notalar: Bergamot, Limon<br>\n\u2022 Orta Notalar: Deniz Notalar\u0131, Kalon, Hedyon<br>\n\u2022 Alt Notalar: Misk, Ambroksan, Sedir A\u011fac\u0131<br>\nKoku Ailesi: Aromatik \/ Su Notal\u0131 \/ Odunsu<br>\nKullan\u0131m Tavsiyeleri:\u200e<br>\n\u2022 Mevsimler: \u0130lkbahar ve yaz<br>\n\u2022 Zaman: G\u00fcnd\u00fcz, s\u0131cak havalarda m\u00fckemmel<br>\n\u2022 Ortam: G\u00fcnl\u00fck kullan\u0131m, i\u015f toplant\u0131lar\u0131, modern \u015fehir stili<br>\n\u2022 Kal\u0131c\u0131l\u0131k &amp; Yay\u0131l\u0131m: Orta seviyede kal\u0131c\u0131l\u0131k, temiz ve zarif bir iz b\u0131rak\u0131r<\/p>\n<\/body>","protected":false},"excerpt":{"rendered":"<p>Incense Malaki, \u00e7a\u011fda\u015f erke\u011fin sade ama etkileyici imzas\u0131d\u0131r.\u200e<\/p>\n","protected":false},"featured_media":29851,"comment_status":"open","ping_status":"closed","template":"","meta":{"nf_dc_page":""},"product_brand":[],"product_cat":[125],"product_tag":[],"class_list":{"0":"post-28984","1":"product","2":"type-product","3":"status-publish","4":"has-post-thumbnail","6":"product_cat-erkek-parfumleri-erkekler-icin","7":"pa_compatibility-erkek-parfumleri-erkekler-icin-tr","8":"pa_fragrance-family-aromatik","9":"pa_fragrance-family-odunsu","10":"pa_fragrance-family-suda-yasayan","11":"pa_sizemeasurement-100ml-tr-2","13":"first","14":"instock","15":"sale","16":"shipping-taxable","17":"purchasable","18":"product-type-simple"},"jetpack_sharing_enabled":true,"_links":{"self":[{"href":"https:\/\/ledevon.com\/tr\/wp-json\/wp\/v2\/product\/28984","targetHints":{"allow":["GET"]}}],"collection":[{"href":"https:\/\/ledevon.com\/tr\/wp-json\/wp\/v2\/product"}],"about":[{"href":"https:\/\/ledevon.com\/tr\/wp-json\/wp\/v2\/types\/product"}],"replies":[{"embeddable":true,"href":"https:\/\/ledevon.com\/tr\/wp-json\/wp\/v2\/comments?post=28984"}],"version-history":[{"count":1,"href":"https:\/\/ledevon.com\/tr\/wp-json\/wp\/v2\/product\/28984\/revisions"}],"predecessor-version":[{"id":29088,"href":"https:\/\/ledevon.com\/tr\/wp-json\/wp\/v2\/product\/28984\/revisions\/29088"}],"wp:featuredmedia":[{"embeddable":true,"href":"https:\/\/ledevon.com\/tr\/wp-json\/wp\/v2\/media\/29851"}],"wp:attachment":[{"href":"https:\/\/ledevon.com\/tr\/wp-json\/wp\/v2\/media?parent=28984"}],"wp:term":[{"taxonomy":"product_brand","embeddable":true,"href":"https:\/\/ledevon.com\/tr\/wp-json\/wp\/v2\/product_brand?post=28984"},{"taxonomy":"product_cat","embeddable":true,"href":"https:\/\/ledevon.com\/tr\/wp-json\/wp\/v2\/product_cat?post=28984"},{"taxonomy":"product_tag","embeddable":true,"href":"https:\/\/ledevon.com\/tr\/wp-json\/wp\/v2\/product_tag?post=28984"}],"curies":[{"name":"wp","href":"https:\/\/api.w.org\/{rel}","templated":true}]}}