{"id":28983,"date":"2025-05-01T13:40:55","date_gmt":"2025-05-01T10:40:55","guid":{"rendered":"https:\/\/ledevon.com\/?post_type=product&#038;p=28983"},"modified":"2025-06-10T13:06:17","modified_gmt":"2025-06-10T10:06:17","slug":"venture-100ml","status":"publish","type":"product","link":"https:\/\/ledevon.com\/tr\/urun\/venture-100ml\/","title":{"rendered":"Venture 100ML"},"content":{"rendered":"<body><p>A\u00e7\u0131klama:<br>\n\u200e\u201cVenture\u201d, maceraperest ruhlu ve zarif duru\u015flu erkekler i\u00e7in tasarlanm\u0131\u015f g\u00fc\u00e7l\u00fc bir \u200eparf\u00fcmd\u00fcr. Taze ye\u015fil ve baharatl\u0131 a\u00e7\u0131l\u0131\u015f\u0131yla dikkat \u00e7eker; karamel ve portakal \u200e\u00e7i\u00e7e\u011finin s\u0131cak kalbiyle yumu\u015far, Madagaskar vanilyas\u0131 ve kakao ile zenginle\u015fen \u200emiskli alt notalar\u0131yla unutulmaz bir iz b\u0131rak\u0131r.\u200e<br>\nKoku Piramidi:\u200e<br>\n\u2022 \u00dcst Notalar: G\u00fcnl\u00fck, Kakule, Ye\u015fil ve narenciye dokunu\u015flar\u0131, hafif odunsu \u200et\u0131n\u0131lar<br>\n\u2022 Orta Notalar: Karamel, Portakal \u00c7i\u00e7e\u011fi, Pudral\u0131 \u00e7i\u00e7ek notalar\u0131<br>\n\u2022 Alt Notalar: Madagaskar Vanilyas\u0131, Kakao, S\u0131cak Misk<br>\nKoku Ailesi: Do\u011fulu \/ Odunsu \/ Gourmand<br>\nKullan\u0131m Tavsiyeleri:\u200e<br>\n\u2022 Mevsimler: Sonbahar ve k\u0131\u015f<br>\n\u2022 Zaman: Ak\u015fam ve gece<br>\n\u2022 Ortam: \u00d6zel davetler, ak\u015fam yemekleri, etkileyici anlar<br>\n\u2022 Kal\u0131c\u0131l\u0131k &amp; Yay\u0131l\u0131m: G\u00fc\u00e7l\u00fc ve uzun \u00f6m\u00fcrl\u00fc bir parf\u00fcm<\/p>\n<\/body>","protected":false},"excerpt":{"rendered":"<p>Venture, cesaret ve zarafetin ayn\u0131 \u015fi\u015fede bulu\u015ftu\u011fu erkeksi bir yolculuktur.\u200e<\/p>\n","protected":false},"featured_media":29848,"comment_status":"open","ping_status":"closed","template":"","meta":{"nf_dc_page":""},"product_brand":[],"product_cat":[125],"product_tag":[],"class_list":{"0":"post-28983","1":"product","2":"type-product","3":"status-publish","4":"has-post-thumbnail","6":"product_cat-erkek-parfumleri-erkekler-icin","7":"pa_compatibility-erkek-parfumleri-erkekler-icin-tr","8":"pa_fragrance-family-gurme","9":"pa_fragrance-family-odunsu","10":"pa_fragrance-family-oryantal","11":"pa_sizemeasurement-100ml-tr-2","13":"first","14":"instock","15":"sale","16":"shipping-taxable","17":"purchasable","18":"product-type-simple"},"jetpack_sharing_enabled":true,"_links":{"self":[{"href":"https:\/\/ledevon.com\/tr\/wp-json\/wp\/v2\/product\/28983","targetHints":{"allow":["GET"]}}],"collection":[{"href":"https:\/\/ledevon.com\/tr\/wp-json\/wp\/v2\/product"}],"about":[{"href":"https:\/\/ledevon.com\/tr\/wp-json\/wp\/v2\/types\/product"}],"replies":[{"embeddable":true,"href":"https:\/\/ledevon.com\/tr\/wp-json\/wp\/v2\/comments?post=28983"}],"version-history":[{"count":1,"href":"https:\/\/ledevon.com\/tr\/wp-json\/wp\/v2\/product\/28983\/revisions"}],"predecessor-version":[{"id":29084,"href":"https:\/\/ledevon.com\/tr\/wp-json\/wp\/v2\/product\/28983\/revisions\/29084"}],"wp:featuredmedia":[{"embeddable":true,"href":"https:\/\/ledevon.com\/tr\/wp-json\/wp\/v2\/media\/29848"}],"wp:attachment":[{"href":"https:\/\/ledevon.com\/tr\/wp-json\/wp\/v2\/media?parent=28983"}],"wp:term":[{"taxonomy":"product_brand","embeddable":true,"href":"https:\/\/ledevon.com\/tr\/wp-json\/wp\/v2\/product_brand?post=28983"},{"taxonomy":"product_cat","embeddable":true,"href":"https:\/\/ledevon.com\/tr\/wp-json\/wp\/v2\/product_cat?post=28983"},{"taxonomy":"product_tag","embeddable":true,"href":"https:\/\/ledevon.com\/tr\/wp-json\/wp\/v2\/product_tag?post=28983"}],"curies":[{"name":"wp","href":"https:\/\/api.w.org\/{rel}","templated":true}]}}