{"id":28982,"date":"2025-05-01T13:40:55","date_gmt":"2025-05-01T10:40:55","guid":{"rendered":"https:\/\/ledevon.com\/?post_type=product&#038;p=28982"},"modified":"2025-06-09T19:11:54","modified_gmt":"2025-06-09T16:11:54","slug":"iris-ve-vetiver-100ml","status":"publish","type":"product","link":"https:\/\/ledevon.com\/tr\/urun\/iris-ve-vetiver-100ml\/","title":{"rendered":"Iris ve Vetiver 100ML"},"content":{"rendered":"<body><p>\u200e\u201cIris Et Vetiver\u201d, modern erkeksi zarafeti klasik dokunu\u015flarla birle\u015ftirir. Lavanta ile \u200eferah bir a\u00e7\u0131l\u0131\u015f yapar, armut, ambret ve iris ile yumu\u015fak bir orta nota sunar, \u200eVirginia sediri ve vetiver ile derin, odunsu bir kapan\u0131\u015f sa\u011flar.\u200e<\/p>\n<p>Koku Piramidi:\u200e<br>\n\u2022 \u00dcst Notalar: Lavanta<br>\n\u2022 Orta Notalar: Armut, Ambret, Iris<br>\n\u2022 Alt Notalar: Virginia Sedir A\u011fac\u0131, Vetiver<br>\nKoku Ailesi: Aromatik \/ Odunsu \/ Pudral\u0131<br>\nKullan\u0131m Tavsiyeleri:\u200e<br>\n\u2022 Mevsimler: \u0130lkbahar ve sonbahar, serin yaz ak\u015famlar\u0131 i\u00e7in ideal<br>\n\u2022 Zaman: G\u00fcnd\u00fcz, ofis ve resmi ortamlar<br>\n\u2022 Ortam: G\u00fcnl\u00fck zarafet, i\u015f ortamlar\u0131, stil sahibi duru\u015flar<br>\n\u2022 Kal\u0131c\u0131l\u0131k &amp; Yay\u0131l\u0131m: Dengeli ve sofistike bir yay\u0131l\u0131m sunar<\/p>\n<\/body>","protected":false},"excerpt":{"rendered":"<p>Iris Et Vetiver, zarafeti g\u00f6steri\u015ften uzak bir g\u00fcvenle yans\u0131tan erkeklerin imzas\u0131d\u0131r.\u200e<\/p>\n","protected":false},"featured_media":29797,"comment_status":"open","ping_status":"closed","template":"","meta":{"nf_dc_page":""},"product_brand":[],"product_cat":[125],"product_tag":[],"class_list":{"0":"post-28982","1":"product","2":"type-product","3":"status-publish","4":"has-post-thumbnail","6":"product_cat-erkek-parfumleri-erkekler-icin","7":"pa_compatibility-erkek-parfumleri-erkekler-icin-tr","8":"pa_fragrance-family-aromatik","9":"pa_fragrance-family-odunsu","10":"pa_fragrance-family-tozlu","11":"pa_sizemeasurement-100ml-tr-2","13":"first","14":"instock","15":"sale","16":"shipping-taxable","17":"purchasable","18":"product-type-simple"},"jetpack_sharing_enabled":true,"_links":{"self":[{"href":"https:\/\/ledevon.com\/tr\/wp-json\/wp\/v2\/product\/28982","targetHints":{"allow":["GET"]}}],"collection":[{"href":"https:\/\/ledevon.com\/tr\/wp-json\/wp\/v2\/product"}],"about":[{"href":"https:\/\/ledevon.com\/tr\/wp-json\/wp\/v2\/types\/product"}],"replies":[{"embeddable":true,"href":"https:\/\/ledevon.com\/tr\/wp-json\/wp\/v2\/comments?post=28982"}],"version-history":[{"count":1,"href":"https:\/\/ledevon.com\/tr\/wp-json\/wp\/v2\/product\/28982\/revisions"}],"predecessor-version":[{"id":29080,"href":"https:\/\/ledevon.com\/tr\/wp-json\/wp\/v2\/product\/28982\/revisions\/29080"}],"wp:featuredmedia":[{"embeddable":true,"href":"https:\/\/ledevon.com\/tr\/wp-json\/wp\/v2\/media\/29797"}],"wp:attachment":[{"href":"https:\/\/ledevon.com\/tr\/wp-json\/wp\/v2\/media?parent=28982"}],"wp:term":[{"taxonomy":"product_brand","embeddable":true,"href":"https:\/\/ledevon.com\/tr\/wp-json\/wp\/v2\/product_brand?post=28982"},{"taxonomy":"product_cat","embeddable":true,"href":"https:\/\/ledevon.com\/tr\/wp-json\/wp\/v2\/product_cat?post=28982"},{"taxonomy":"product_tag","embeddable":true,"href":"https:\/\/ledevon.com\/tr\/wp-json\/wp\/v2\/product_tag?post=28982"}],"curies":[{"name":"wp","href":"https:\/\/api.w.org\/{rel}","templated":true}]}}