{"id":28981,"date":"2025-05-01T13:40:55","date_gmt":"2025-05-01T10:40:55","guid":{"rendered":"https:\/\/ledevon.com\/?post_type=product&#038;p=28981"},"modified":"2025-10-31T17:24:20","modified_gmt":"2025-10-31T14:24:20","slug":"timeless-treasure-100ml","status":"publish","type":"product","link":"https:\/\/ledevon.com\/tr\/urun\/timeless-treasure-100ml\/","title":{"rendered":"Timeless Treasure 100ML"},"content":{"rendered":"<body><p>A\u00e7\u0131klama:<br>\n\u200e\u201cTimeless Treasure\u201d, tropikal meyveler ve s\u0131cak odunsu notalar\u0131n zarif uyumudur. \u200eLili of the valley\u2019nin zarafeti ve vanilyal\u0131 kapan\u0131\u015f\u0131yla, zaman\u0131n \u00f6tesinde bir parf\u00fcm \u200edeneyimi sunar.\u200e<br>\nKoku Piramidi:\u200e<br>\n\u2022 \u00dcst Notalar: \u00c7ark\u0131felek Meyvesi, \u015eeftali, Armut, B\u00f6\u011f\u00fcrtlen, Frenk \u00dcz\u00fcm\u00fc, \u200eDeniz Meltemi<br>\n\u2022 Orta Notalar: M\u00fcge<br>\n\u2022 Alt Notalar: Misk, Sandal A\u011fac\u0131, Vanilya, Pa\u00e7uli, Heliotrope<br>\nKoku Ailesi: Meyvemsi \/ Su Notal\u0131 \/ \u00c7i\u00e7eksi \/ Odunsu \/ Yumu\u015fak Do\u011fulu<br>\nKullan\u0131m Tavsiyeleri:\u200e<br>\n\u2022 Mevsimler: \u0130lkbahar ve yaz<br>\n\u2022 Zaman: G\u00fcnl\u00fck ve hafif ak\u015fam kullan\u0131m\u0131<br>\n\u2022 Ortam: G\u00fcnl\u00fck \u015f\u0131kl\u0131k, \u00f6zg\u00fcn tarzlar, sanatsal ya\u015fam<br>\n\u2022 Kal\u0131c\u0131l\u0131k &amp; Yay\u0131l\u0131m: Orta ile g\u00fc\u00e7l\u00fc \u2013 sofistike bir iz b\u0131rak\u0131r<\/p>\n<\/body>","protected":false},"excerpt":{"rendered":"<p>Timeless Treasure, tarz sahibi ruhlara hitap eden, kal\u0131c\u0131 bir zarafet parf\u00fcm\u00fcd\u00fcr.\u200e<\/p>\n","protected":false},"featured_media":29865,"comment_status":"open","ping_status":"closed","template":"","meta":{"nf_dc_page":""},"product_brand":[],"product_cat":[125],"product_tag":[],"class_list":{"0":"post-28981","1":"product","2":"type-product","3":"status-publish","4":"has-post-thumbnail","6":"product_cat-erkek-parfumleri-erkekler-icin","7":"pa_compatibility-erkek-parfumleri-erkekler-icin-tr","8":"pa_fragrance-family-cicek","9":"pa_fragrance-family-meyveli","10":"pa_fragrance-family-odunsu","11":"pa_fragrance-family-suda-yasayan","12":"pa_sizemeasurement-100ml-tr-2","14":"first","15":"instock","16":"sale","17":"shipping-taxable","18":"purchasable","19":"product-type-simple"},"jetpack_sharing_enabled":true,"_links":{"self":[{"href":"https:\/\/ledevon.com\/tr\/wp-json\/wp\/v2\/product\/28981","targetHints":{"allow":["GET"]}}],"collection":[{"href":"https:\/\/ledevon.com\/tr\/wp-json\/wp\/v2\/product"}],"about":[{"href":"https:\/\/ledevon.com\/tr\/wp-json\/wp\/v2\/types\/product"}],"replies":[{"embeddable":true,"href":"https:\/\/ledevon.com\/tr\/wp-json\/wp\/v2\/comments?post=28981"}],"version-history":[{"count":1,"href":"https:\/\/ledevon.com\/tr\/wp-json\/wp\/v2\/product\/28981\/revisions"}],"predecessor-version":[{"id":29076,"href":"https:\/\/ledevon.com\/tr\/wp-json\/wp\/v2\/product\/28981\/revisions\/29076"}],"wp:featuredmedia":[{"embeddable":true,"href":"https:\/\/ledevon.com\/tr\/wp-json\/wp\/v2\/media\/29865"}],"wp:attachment":[{"href":"https:\/\/ledevon.com\/tr\/wp-json\/wp\/v2\/media?parent=28981"}],"wp:term":[{"taxonomy":"product_brand","embeddable":true,"href":"https:\/\/ledevon.com\/tr\/wp-json\/wp\/v2\/product_brand?post=28981"},{"taxonomy":"product_cat","embeddable":true,"href":"https:\/\/ledevon.com\/tr\/wp-json\/wp\/v2\/product_cat?post=28981"},{"taxonomy":"product_tag","embeddable":true,"href":"https:\/\/ledevon.com\/tr\/wp-json\/wp\/v2\/product_tag?post=28981"}],"curies":[{"name":"wp","href":"https:\/\/api.w.org\/{rel}","templated":true}]}}