{"id":28980,"date":"2025-05-01T13:40:55","date_gmt":"2025-05-01T10:40:55","guid":{"rendered":"https:\/\/ledevon.com\/?post_type=product&#038;p=28980"},"modified":"2025-06-09T19:10:02","modified_gmt":"2025-06-09T16:10:02","slug":"blue-life-100ml","status":"publish","type":"product","link":"https:\/\/ledevon.com\/tr\/urun\/blue-life-100ml\/","title":{"rendered":"Blue Life 100ML"},"content":{"rendered":"<body><p>A\u00e7\u0131klama:<br>\n\u200e\u201cBlue Life\u201d, berrakl\u0131k ve dengeyi temsil eder. Ferah narenciye ve su notalar\u0131yla \u200ea\u00e7\u0131l\u0131r, ye\u015fil \u00e7ay ve \u00e7i\u00e7eksi kalple dinginlik sa\u011flar; misk ve sedirle tamamlan\u0131r.\u200e<br>\nKoku Piramidi:\u200e<br>\n\u2022 \u00dcst Notalar: Bergamot, Narenciye Kabu\u011fu, Su Notalar\u0131<br>\n\u2022 Orta Notalar: Su \u00c7i\u00e7ekleri, Ye\u015fil \u00c7ay<br>\n\u2022 Alt Notalar: Ambergris, Misk, Sedir<br>\nKoku Ailesi: Su Notal\u0131 \/ Narenciyeli \/ Aromatik \/ Taze Odunsu<br>\nKullan\u0131m Tavsiyeleri:\u200e<br>\n\u2022 Mevsimler: \u0130lkbahar ve yaz<br>\n\u2022 Zaman: Sabah ve g\u00fcnd\u00fcz<br>\n\u2022 Ortam: Spor, g\u00fcnl\u00fck kullan\u0131m, sade ya\u015fam tarz\u0131<br>\n\u2022 Kal\u0131c\u0131l\u0131k &amp; Yay\u0131l\u0131m: Hafif-orta \u2013 ferah ve do\u011fal bir iz b\u0131rak\u0131r<\/p>\n<\/body>","protected":false},"excerpt":{"rendered":"<p>Blue Life, sade ama etkileyici bir ya\u015fam tarz\u0131n\u0131 kokusuyla tamamlar.\u200e<\/p>\n","protected":false},"featured_media":29696,"comment_status":"open","ping_status":"closed","template":"","meta":{"nf_dc_page":""},"product_brand":[],"product_cat":[125],"product_tag":[],"class_list":{"0":"post-28980","1":"product","2":"type-product","3":"status-publish","4":"has-post-thumbnail","6":"product_cat-erkek-parfumleri-erkekler-icin","7":"pa_compatibility-erkek-parfumleri-erkekler-icin-tr","8":"pa_fragrance-family-aromatik","9":"pa_fragrance-family-narenciye","10":"pa_fragrance-family-suda-yasayan","11":"pa_sizemeasurement-100ml-tr-2","13":"first","14":"instock","15":"sale","16":"shipping-taxable","17":"purchasable","18":"product-type-simple"},"jetpack_sharing_enabled":true,"_links":{"self":[{"href":"https:\/\/ledevon.com\/tr\/wp-json\/wp\/v2\/product\/28980","targetHints":{"allow":["GET"]}}],"collection":[{"href":"https:\/\/ledevon.com\/tr\/wp-json\/wp\/v2\/product"}],"about":[{"href":"https:\/\/ledevon.com\/tr\/wp-json\/wp\/v2\/types\/product"}],"replies":[{"embeddable":true,"href":"https:\/\/ledevon.com\/tr\/wp-json\/wp\/v2\/comments?post=28980"}],"version-history":[{"count":1,"href":"https:\/\/ledevon.com\/tr\/wp-json\/wp\/v2\/product\/28980\/revisions"}],"predecessor-version":[{"id":29069,"href":"https:\/\/ledevon.com\/tr\/wp-json\/wp\/v2\/product\/28980\/revisions\/29069"}],"wp:featuredmedia":[{"embeddable":true,"href":"https:\/\/ledevon.com\/tr\/wp-json\/wp\/v2\/media\/29696"}],"wp:attachment":[{"href":"https:\/\/ledevon.com\/tr\/wp-json\/wp\/v2\/media?parent=28980"}],"wp:term":[{"taxonomy":"product_brand","embeddable":true,"href":"https:\/\/ledevon.com\/tr\/wp-json\/wp\/v2\/product_brand?post=28980"},{"taxonomy":"product_cat","embeddable":true,"href":"https:\/\/ledevon.com\/tr\/wp-json\/wp\/v2\/product_cat?post=28980"},{"taxonomy":"product_tag","embeddable":true,"href":"https:\/\/ledevon.com\/tr\/wp-json\/wp\/v2\/product_tag?post=28980"}],"curies":[{"name":"wp","href":"https:\/\/api.w.org\/{rel}","templated":true}]}}