{"id":28979,"date":"2025-05-01T13:40:55","date_gmt":"2025-05-01T10:40:55","guid":{"rendered":"https:\/\/ledevon.com\/?post_type=product&#038;p=28979"},"modified":"2025-10-31T17:24:18","modified_gmt":"2025-10-31T14:24:18","slug":"the-starry-night-100ml","status":"publish","type":"product","link":"https:\/\/ledevon.com\/tr\/urun\/the-starry-night-100ml\/","title":{"rendered":"The Starry Night 100ML"},"content":{"rendered":"<body><p>A\u00e7\u0131klama:<br>\nVan Gogh\u2019un me\u015fhur \u201cY\u0131ld\u0131zl\u0131 Gece\u201d tablosundan ilham alan bu parf\u00fcm, \u0131\u015f\u0131k ve \u200eg\u00f6lgenin kokusal bir tablosudur. Greyfurtla a\u00e7\u0131l\u0131r, zencefil ve ambret ile s\u0131cakla\u015f\u0131r, \u200evetiver ve amber ile derinle\u015fir.\u200e<br>\nKoku Piramidi:\u200e<br>\n\u2022 \u00dcst Notalar: Greyfurt<br>\n\u2022 Orta Notalar: Zencefil, Ambret Tohumlar\u0131<br>\n\u2022 Alt Notalar: Ambroksan, Misk, Vetiver, Pa\u00e7uli<br>\nKoku Ailesi: Narenciyeli \/ Baharatl\u0131 \/ Odunsu \/ Aromatik<br>\nKullan\u0131m Tavsiyeleri:\u200e<br>\n\u2022 Mevsimler: Sonbahar ve k\u0131\u015f<br>\n\u2022 Zaman: Ak\u015fam<br>\n\u2022 Ortam: Sanatsal etkinlikler, \u00f6zel geceler<br>\n\u2022 Kal\u0131c\u0131l\u0131k &amp; Yay\u0131l\u0131m: G\u00fc\u00e7l\u00fc \u2013 sofistike ve etkileyici<\/p>\n<\/body>","protected":false},"excerpt":{"rendered":"<p>The Starry Night, sanat\u0131 ve kokuyu birle\u015ftiren, her damlas\u0131 ilham veren bir \u200eparf\u00fcmd\u00fcr.\u200e<\/p>\n","protected":false},"featured_media":29794,"comment_status":"open","ping_status":"closed","template":"","meta":{"nf_dc_page":""},"product_brand":[],"product_cat":[125],"product_tag":[],"class_list":{"0":"post-28979","1":"product","2":"type-product","3":"status-publish","4":"has-post-thumbnail","6":"product_cat-erkek-parfumleri-erkekler-icin","7":"pa_compatibility-erkek-parfumleri-erkekler-icin-tr","8":"pa_fragrance-family-aromatik","9":"pa_fragrance-family-baharatli","10":"pa_fragrance-family-narenciye","11":"pa_fragrance-family-odunsu","12":"pa_sizemeasurement-100ml-tr-2","14":"first","15":"instock","16":"sale","17":"shipping-taxable","18":"purchasable","19":"product-type-simple"},"jetpack_sharing_enabled":true,"_links":{"self":[{"href":"https:\/\/ledevon.com\/tr\/wp-json\/wp\/v2\/product\/28979","targetHints":{"allow":["GET"]}}],"collection":[{"href":"https:\/\/ledevon.com\/tr\/wp-json\/wp\/v2\/product"}],"about":[{"href":"https:\/\/ledevon.com\/tr\/wp-json\/wp\/v2\/types\/product"}],"replies":[{"embeddable":true,"href":"https:\/\/ledevon.com\/tr\/wp-json\/wp\/v2\/comments?post=28979"}],"version-history":[{"count":1,"href":"https:\/\/ledevon.com\/tr\/wp-json\/wp\/v2\/product\/28979\/revisions"}],"predecessor-version":[{"id":29065,"href":"https:\/\/ledevon.com\/tr\/wp-json\/wp\/v2\/product\/28979\/revisions\/29065"}],"wp:featuredmedia":[{"embeddable":true,"href":"https:\/\/ledevon.com\/tr\/wp-json\/wp\/v2\/media\/29794"}],"wp:attachment":[{"href":"https:\/\/ledevon.com\/tr\/wp-json\/wp\/v2\/media?parent=28979"}],"wp:term":[{"taxonomy":"product_brand","embeddable":true,"href":"https:\/\/ledevon.com\/tr\/wp-json\/wp\/v2\/product_brand?post=28979"},{"taxonomy":"product_cat","embeddable":true,"href":"https:\/\/ledevon.com\/tr\/wp-json\/wp\/v2\/product_cat?post=28979"},{"taxonomy":"product_tag","embeddable":true,"href":"https:\/\/ledevon.com\/tr\/wp-json\/wp\/v2\/product_tag?post=28979"}],"curies":[{"name":"wp","href":"https:\/\/api.w.org\/{rel}","templated":true}]}}