{"id":28978,"date":"2025-05-01T13:40:55","date_gmt":"2025-05-01T10:40:55","guid":{"rendered":"https:\/\/ledevon.com\/?post_type=product&#038;p=28978"},"modified":"2025-05-03T08:49:36","modified_gmt":"2025-05-03T08:49:36","slug":"white-ocean-100ml","status":"publish","type":"product","link":"https:\/\/ledevon.com\/tr\/urun\/white-ocean-100ml\/","title":{"rendered":"White Ocean 100ML"},"content":{"rendered":"<body><p>A\u00e7\u0131klama:<br>\n\u200e\u201cWhite Ocean\u201d, tazeli\u011fi ve sakinli\u011fi teninizde hissettirir. Deniz meltemi gibi ferah \u200ea\u00e7\u0131l\u0131\u015f, ye\u015fil \u00e7ay ve frenk \u00fcz\u00fcm\u00fc ile yumu\u015far; sandal a\u011fac\u0131 ve misk ile modern bir \u200ederinli\u011fe ula\u015f\u0131r.\u200e<br>\nKoku Piramidi:\u200e<br>\n\u2022 \u00dcst Notalar: Bergamot, Mandalina, Petitgrain<br>\n\u2022 Orta Notalar: Ye\u015fil \u00c7ay, Siyah Frenk \u00dcz\u00fcm\u00fc<br>\n\u2022 Alt Notalar: Misk, Sandal A\u011fac\u0131, Sardunya<br>\nKoku Ailesi: Narenciyeli \/ Ye\u015fil \/ Odunsu \/ Su Notal\u0131<br>\nKullan\u0131m Tavsiyeleri:\u200e<br>\n\u2022 Mevsimler: \u0130lkbahar ve yaz<br>\n\u2022 Zaman: G\u00fcnd\u00fcz<br>\n\u2022 Ortam: G\u00fcnl\u00fck kullan\u0131m, ofis, a\u00e7\u0131k hava aktiviteleri<br>\n\u2022 Kal\u0131c\u0131l\u0131k &amp; Yay\u0131l\u0131m: Orta \u2013 temiz, hafif, huzurlu<\/p>\n<\/body>","protected":false},"excerpt":{"rendered":"<p>White Ocean, tazelik ve zarafetin modern erkekte bulu\u015ftu\u011fu bir deniz esintisidir.\u200e<\/p>\n","protected":false},"featured_media":29684,"comment_status":"open","ping_status":"closed","template":"","meta":{"nf_dc_page":""},"product_brand":[],"product_cat":[125],"product_tag":[],"class_list":{"0":"post-28978","1":"product","2":"type-product","3":"status-publish","4":"has-post-thumbnail","6":"product_cat-erkek-parfumleri-erkekler-icin","7":"pa_compatibility-erkek-parfumleri-erkekler-icin-tr","8":"pa_fragrance-family-narenciye","9":"pa_fragrance-family-odunsu","10":"pa_fragrance-family-suda-yasayan","11":"pa_fragrance-family-yesil","12":"pa_sizemeasurement-100ml-tr-2","14":"first","15":"instock","16":"sale","17":"shipping-taxable","18":"purchasable","19":"product-type-simple"},"jetpack_sharing_enabled":true,"_links":{"self":[{"href":"https:\/\/ledevon.com\/tr\/wp-json\/wp\/v2\/product\/28978","targetHints":{"allow":["GET"]}}],"collection":[{"href":"https:\/\/ledevon.com\/tr\/wp-json\/wp\/v2\/product"}],"about":[{"href":"https:\/\/ledevon.com\/tr\/wp-json\/wp\/v2\/types\/product"}],"replies":[{"embeddable":true,"href":"https:\/\/ledevon.com\/tr\/wp-json\/wp\/v2\/comments?post=28978"}],"version-history":[{"count":1,"href":"https:\/\/ledevon.com\/tr\/wp-json\/wp\/v2\/product\/28978\/revisions"}],"predecessor-version":[{"id":29061,"href":"https:\/\/ledevon.com\/tr\/wp-json\/wp\/v2\/product\/28978\/revisions\/29061"}],"wp:featuredmedia":[{"embeddable":true,"href":"https:\/\/ledevon.com\/tr\/wp-json\/wp\/v2\/media\/29684"}],"wp:attachment":[{"href":"https:\/\/ledevon.com\/tr\/wp-json\/wp\/v2\/media?parent=28978"}],"wp:term":[{"taxonomy":"product_brand","embeddable":true,"href":"https:\/\/ledevon.com\/tr\/wp-json\/wp\/v2\/product_brand?post=28978"},{"taxonomy":"product_cat","embeddable":true,"href":"https:\/\/ledevon.com\/tr\/wp-json\/wp\/v2\/product_cat?post=28978"},{"taxonomy":"product_tag","embeddable":true,"href":"https:\/\/ledevon.com\/tr\/wp-json\/wp\/v2\/product_tag?post=28978"}],"curies":[{"name":"wp","href":"https:\/\/api.w.org\/{rel}","templated":true}]}}