{"id":28977,"date":"2025-05-01T13:40:55","date_gmt":"2025-05-01T10:40:55","guid":{"rendered":"https:\/\/ledevon.com\/?post_type=product&#038;p=28977"},"modified":"2025-05-03T08:49:36","modified_gmt":"2025-05-03T08:49:36","slug":"shatha-100ml","status":"publish","type":"product","link":"https:\/\/ledevon.com\/tr\/urun\/shatha-100ml\/","title":{"rendered":"Shatha 100ML"},"content":{"rendered":"<body><p>A\u00e7\u0131klama:<br>\n\u200e\u201cShatha\u201d, meyvemsi tazelik ile \u00e7i\u00e7eksi zarafetin e\u015fsiz birle\u015fimidir. Litchi ve \u200ebergamot\u2019un enerjik a\u00e7\u0131l\u0131\u015f\u0131, kakao ile zenginle\u015fen \u00e7i\u00e7eksi kalple b\u00fct\u00fcnle\u015fir, pa\u00e7uli \u200eile gizemli bir derinli\u011fe ula\u015f\u0131r.\u200e<br>\nKoku Piramidi:\u200e<br>\n\u2022 \u00dcst Notalar: Li\u00e7i Meyvesi, Zencefil, Bergamot<br>\n\u2022 Orta Notalar: \u015eakay\u0131k, T\u00fcrk G\u00fcl\u00fc, Kakao<br>\n\u2022 Alt Notalar: Pa\u00e7uli<br>\nKoku Ailesi: Meyvemsi \/ \u00c7i\u00e7eksi \/ Pudral\u0131 Do\u011fulu<br>\nKullan\u0131m Tavsiyeleri:\u200e<br>\n\u2022 Mevsimler: \u0130lkbahar, sonbahar, yaz ak\u015famlar\u0131<br>\n\u2022 Zaman: G\u00fcn boyu<br>\n\u2022 Ortam: Zarif ak\u015famlar, \u00f6zel bulu\u015fmalar, kendine has tarzlar<br>\n\u2022 Kal\u0131c\u0131l\u0131k &amp; Yay\u0131l\u0131m: Orta \u2013 \u015f\u0131k ve hafif gizemli<\/p>\n<\/body>","protected":false},"excerpt":{"rendered":"<p>Shatha, modern kad\u0131nlara taze ama derin bir karakter sunar.\u200e<\/p>\n","protected":false},"featured_media":29727,"comment_status":"open","ping_status":"closed","template":"","meta":{"nf_dc_page":""},"product_brand":[],"product_cat":[127,100],"product_tag":[],"class_list":{"0":"post-28977","1":"product","2":"type-product","3":"status-publish","4":"has-post-thumbnail","6":"product_cat-kadin-parfumleri-kadinlar-icin","7":"product_cat-en-cok-satan","8":"pa_compatibility-kadin-parfumleri-kadinlar-icin","9":"pa_fragrance-family-meyveli-cicek","10":"pa_fragrance-family-yumusak-oryantal","11":"pa_sizemeasurement-100ml-tr-2","13":"first","14":"instock","15":"sale","16":"shipping-taxable","17":"purchasable","18":"product-type-simple"},"jetpack_sharing_enabled":true,"_links":{"self":[{"href":"https:\/\/ledevon.com\/tr\/wp-json\/wp\/v2\/product\/28977","targetHints":{"allow":["GET"]}}],"collection":[{"href":"https:\/\/ledevon.com\/tr\/wp-json\/wp\/v2\/product"}],"about":[{"href":"https:\/\/ledevon.com\/tr\/wp-json\/wp\/v2\/types\/product"}],"replies":[{"embeddable":true,"href":"https:\/\/ledevon.com\/tr\/wp-json\/wp\/v2\/comments?post=28977"}],"version-history":[{"count":1,"href":"https:\/\/ledevon.com\/tr\/wp-json\/wp\/v2\/product\/28977\/revisions"}],"predecessor-version":[{"id":29060,"href":"https:\/\/ledevon.com\/tr\/wp-json\/wp\/v2\/product\/28977\/revisions\/29060"}],"wp:featuredmedia":[{"embeddable":true,"href":"https:\/\/ledevon.com\/tr\/wp-json\/wp\/v2\/media\/29727"}],"wp:attachment":[{"href":"https:\/\/ledevon.com\/tr\/wp-json\/wp\/v2\/media?parent=28977"}],"wp:term":[{"taxonomy":"product_brand","embeddable":true,"href":"https:\/\/ledevon.com\/tr\/wp-json\/wp\/v2\/product_brand?post=28977"},{"taxonomy":"product_cat","embeddable":true,"href":"https:\/\/ledevon.com\/tr\/wp-json\/wp\/v2\/product_cat?post=28977"},{"taxonomy":"product_tag","embeddable":true,"href":"https:\/\/ledevon.com\/tr\/wp-json\/wp\/v2\/product_tag?post=28977"}],"curies":[{"name":"wp","href":"https:\/\/api.w.org\/{rel}","templated":true}]}}