{"id":28976,"date":"2025-05-01T13:40:55","date_gmt":"2025-05-01T10:40:55","guid":{"rendered":"https:\/\/ledevon.com\/?post_type=product&#038;p=28976"},"modified":"2025-10-31T17:24:16","modified_gmt":"2025-10-31T14:24:16","slug":"alandalus-100ml","status":"publish","type":"product","link":"https:\/\/ledevon.com\/tr\/urun\/alandalus-100ml\/","title":{"rendered":"Alandalus 100ML"},"content":{"rendered":"<body><p>A\u00e7\u0131klama:<br>\n\u200e\u201cAlandalus\u201d, End\u00fcl\u00fcs\u2019\u00fcn b\u00fcy\u00fcs\u00fcn\u00fc modern bir erke\u011fin zarafetiyle bulu\u015fturur. \u200eFerah ve baharatl\u0131 a\u00e7\u0131l\u0131\u015f, g\u00fcl ve m\u00fcge ile zarifle\u015fir; oud, vanilya ve amber ile s\u0131cak, \u200eoryantal bir temel sunar.\u200e<br>\nKoku Piramidi:\u200e<br>\n\u2022 \u00dcst Notalar: Lavanta, Ye\u015fil Elma, Tar\u00e7\u0131n, G\u00fcl A\u011fac\u0131<br>\n\u2022 Orta Notalar: M\u00fcge, Bulgar G\u00fcl\u00fc, Sedir<br>\n\u2022 Alt Notalar: Amber, Vanilya, Misk, Sandal A\u011fac\u0131, Oud<br>\nKoku Ailesi: Aromatik \/ \u00c7i\u00e7eksi \/ Do\u011fulu Odunsu \/ Baharatl\u0131<br>\nKullan\u0131m Tavsiyeleri:\u200e<br>\n\u2022 Mevsimler: Sonbahar ve k\u0131\u015f<br>\n\u2022 Zaman: Ak\u015fam<br>\n\u2022 Ortam: Geleneksel ve modern bulu\u015fmalar, \u00f6zel anlar<br>\n\u2022 Kal\u0131c\u0131l\u0131k &amp; Yay\u0131l\u0131m: G\u00fc\u00e7l\u00fc ve kal\u0131c\u0131<\/p>\n<\/body>","protected":false},"excerpt":{"rendered":"<p>Alandalus, tarihi asaletin ve \u00e7a\u011fda\u015f \u015f\u0131kl\u0131\u011f\u0131n e\u015fsiz sentezidir.\u200e<\/p>\n","protected":false},"featured_media":29702,"comment_status":"open","ping_status":"closed","template":"","meta":{"nf_dc_page":""},"product_brand":[],"product_cat":[125],"product_tag":[],"class_list":{"0":"post-28976","1":"product","2":"type-product","3":"status-publish","4":"has-post-thumbnail","6":"product_cat-erkek-parfumleri-erkekler-icin","7":"pa_compatibility-erkek-parfumleri-erkekler-icin-tr","8":"pa_fragrance-family-aromatik","9":"pa_fragrance-family-baharatli","10":"pa_fragrance-family-cicek","11":"pa_fragrance-family-oryantal-agacsi","12":"pa_sizemeasurement-100ml-tr-2","14":"first","15":"instock","16":"sale","17":"shipping-taxable","18":"purchasable","19":"product-type-simple"},"jetpack_sharing_enabled":true,"_links":{"self":[{"href":"https:\/\/ledevon.com\/tr\/wp-json\/wp\/v2\/product\/28976","targetHints":{"allow":["GET"]}}],"collection":[{"href":"https:\/\/ledevon.com\/tr\/wp-json\/wp\/v2\/product"}],"about":[{"href":"https:\/\/ledevon.com\/tr\/wp-json\/wp\/v2\/types\/product"}],"replies":[{"embeddable":true,"href":"https:\/\/ledevon.com\/tr\/wp-json\/wp\/v2\/comments?post=28976"}],"version-history":[{"count":1,"href":"https:\/\/ledevon.com\/tr\/wp-json\/wp\/v2\/product\/28976\/revisions"}],"predecessor-version":[{"id":29056,"href":"https:\/\/ledevon.com\/tr\/wp-json\/wp\/v2\/product\/28976\/revisions\/29056"}],"wp:featuredmedia":[{"embeddable":true,"href":"https:\/\/ledevon.com\/tr\/wp-json\/wp\/v2\/media\/29702"}],"wp:attachment":[{"href":"https:\/\/ledevon.com\/tr\/wp-json\/wp\/v2\/media?parent=28976"}],"wp:term":[{"taxonomy":"product_brand","embeddable":true,"href":"https:\/\/ledevon.com\/tr\/wp-json\/wp\/v2\/product_brand?post=28976"},{"taxonomy":"product_cat","embeddable":true,"href":"https:\/\/ledevon.com\/tr\/wp-json\/wp\/v2\/product_cat?post=28976"},{"taxonomy":"product_tag","embeddable":true,"href":"https:\/\/ledevon.com\/tr\/wp-json\/wp\/v2\/product_tag?post=28976"}],"curies":[{"name":"wp","href":"https:\/\/api.w.org\/{rel}","templated":true}]}}