{"id":28972,"date":"2025-05-01T13:40:55","date_gmt":"2025-05-01T10:40:55","guid":{"rendered":"https:\/\/ledevon.com\/?post_type=product&#038;p=28972"},"modified":"2025-05-03T08:48:41","modified_gmt":"2025-05-03T08:48:41","slug":"opal-diffuser","status":"publish","type":"product","link":"https:\/\/ledevon.com\/tr\/urun\/opal-diffuser\/","title":{"rendered":"OPAL diffuser"},"content":{"rendered":"","protected":false},"excerpt":{"rendered":"<p data-start=\"28\" data-end=\"331\">Elevate your space with the <strong data-start=\"56\" data-end=\"88\">OPAL Home Fragrance Diffuser<\/strong>. Designed to infuse your home with a long-lasting and elegant aroma, this diffuser combines style and functionality. The beautifully crafted flower absorbs and diffuses the fragrance naturally, creating a soothing and refreshing atmosphere.<\/p>\n<p data-start=\"333\" data-end=\"565\">Oturma odalar\u0131, yatak odalar\u0131 veya ofisler i\u00e7in m\u00fckemmel olan bu dif\u00fcz\u00f6r, yaln\u0131zca \u00e7evrenizi ho\u015f bir kokuyla g\u00fczelle\u015ftirmekle kalmaz, ayn\u0131 zamanda sofistike bir dekoratif par\u00e7a olarak da hizmet eder. OPAL ile her nefeste bir l\u00fcks dokunu\u015fu deneyimleyin.<\/p>\n","protected":false},"featured_media":29026,"comment_status":"open","ping_status":"closed","template":"","meta":{"nf_dc_page":""},"product_brand":[],"product_cat":[124],"product_tag":[],"class_list":{"0":"post-28972","1":"product","2":"type-product","3":"status-publish","4":"has-post-thumbnail","6":"product_cat-ev-kokulari","8":"first","9":"instock","10":"shipping-taxable","11":"purchasable","12":"product-type-simple"},"jetpack_sharing_enabled":true,"_links":{"self":[{"href":"https:\/\/ledevon.com\/tr\/wp-json\/wp\/v2\/product\/28972","targetHints":{"allow":["GET"]}}],"collection":[{"href":"https:\/\/ledevon.com\/tr\/wp-json\/wp\/v2\/product"}],"about":[{"href":"https:\/\/ledevon.com\/tr\/wp-json\/wp\/v2\/types\/product"}],"replies":[{"embeddable":true,"href":"https:\/\/ledevon.com\/tr\/wp-json\/wp\/v2\/comments?post=28972"}],"version-history":[{"count":1,"href":"https:\/\/ledevon.com\/tr\/wp-json\/wp\/v2\/product\/28972\/revisions"}],"predecessor-version":[{"id":29029,"href":"https:\/\/ledevon.com\/tr\/wp-json\/wp\/v2\/product\/28972\/revisions\/29029"}],"wp:featuredmedia":[{"embeddable":true,"href":"https:\/\/ledevon.com\/tr\/wp-json\/wp\/v2\/media\/29026"}],"wp:attachment":[{"href":"https:\/\/ledevon.com\/tr\/wp-json\/wp\/v2\/media?parent=28972"}],"wp:term":[{"taxonomy":"product_brand","embeddable":true,"href":"https:\/\/ledevon.com\/tr\/wp-json\/wp\/v2\/product_brand?post=28972"},{"taxonomy":"product_cat","embeddable":true,"href":"https:\/\/ledevon.com\/tr\/wp-json\/wp\/v2\/product_cat?post=28972"},{"taxonomy":"product_tag","embeddable":true,"href":"https:\/\/ledevon.com\/tr\/wp-json\/wp\/v2\/product_tag?post=28972"}],"curies":[{"name":"wp","href":"https:\/\/api.w.org\/{rel}","templated":true}]}}