{"id":28434,"date":"2025-05-01T15:31:29","date_gmt":"2025-05-01T15:31:29","guid":{"rendered":"https:\/\/ledevon.com\/kullanim-sartlari\/"},"modified":"2025-05-06T13:11:40","modified_gmt":"2025-05-06T13:11:40","slug":"kullanim-sartlari","status":"publish","type":"page","link":"https:\/\/ledevon.com\/tr\/kullanim-sartlari\/","title":{"rendered":"\u0130ade ve Geri \u00d6deme Politikas\u0131"},"content":{"rendered":"<body><p>Kolay \u0130ade ve De\u011fi\u015fim<\/p>\n<p>Liven Decor sat\u0131n al\u0131m\u0131n\u0131zdan memnun kalman\u0131z\u0131 istiyoruz! Sipari\u015finizi ald\u0131ktan sonra 7 g\u00fcnl\u00fck iade veya de\u011fi\u015fim politikam\u0131z oldu\u011funu bilerek g\u00fcvenle al\u0131\u015fveri\u015f yapabilirsiniz. Bu politika, bir \u00fcr\u00fcn\u00fc iade etme veya de\u011fi\u015ftirme ad\u0131mlar\u0131n\u0131 ana hatlar\u0131yla belirtir.<\/p>\n<p>\u0130ade Nas\u0131l Ba\u015flat\u0131l\u0131r:<\/p>\n<p>Bizimle \u0130leti\u015fime Ge\u00e7in: Sipari\u015finizi ald\u0131ktan sonraki 7 g\u00fcn i\u00e7inde sales@ledevon.com adresine e-posta g\u00f6nderin<br>\nE-postan\u0131za \u015funlar\u0131 ekleyin:<br>\nSipari\u015f numaras\u0131<br>\n\u0130ade etmek\/de\u011fi\u015ftirmek istedi\u011finiz \u00fcr\u00fcn(ler)<br>\n\u0130ade\/de\u011fi\u015fim nedeni<\/p>\n<p>\u0130ste\u011finizi ald\u0131ktan sonra \u015funlar\u0131 yapaca\u011f\u0131z:<br>\n\u00dcr\u00fcnlerinizi nas\u0131l iade edece\u011finize dair talimatlarla yan\u0131t verece\u011fiz; bu talimatlara bir iade kargo etiketi de dahil olabilir.<br>\n\u0130ade paketinizi nereye g\u00f6nderece\u011finize dair ayr\u0131nt\u0131lar sa\u011flay\u0131n.<\/p>\n<p>\u0130ade ve De\u011fi\u015fim Ko\u015fullar\u0131:<br>\n\u0130ade edilen \u00fcr\u00fcnler, etiketleri tak\u0131l\u0131 ve orijinal ambalaj\u0131 dahil olmak \u00fczere, ald\u0131\u011f\u0131n\u0131z zamanki durumlar\u0131yla ayn\u0131 olmal\u0131d\u0131r.<br>\nAr\u0131zal\u0131 veya hasarl\u0131 \u00fcr\u00fcnler i\u00e7in iade kabul ediyoruz.<\/p>\n<p>\u0130stisnalar:<br>\n\u015eunlarda iade kabul etmiyoruz:<br>\n\u00d6zel \u00fcr\u00fcnler (\u00f6zel sipari\u015fler veya ki\u015fiselle\u015ftirilmi\u015f \u00fcr\u00fcnler)<\/p>\n<p>De\u011fi\u015fimler:<br>\nBir \u00fcr\u00fcn\u00fc farkl\u0131 bir beden veya varyantla de\u011fi\u015ftirmek i\u00e7in orijinal \u00fcr\u00fcn\u00fcn\u00fcz\u00fc iade edin ve istedi\u011finiz \u00fcr\u00fcn i\u00e7in yeni bir sipari\u015f verin.<\/p>\n<p>\u0130adeler:<br>\n\u0130ade etti\u011finiz \u00fcr\u00fcn\u00fc teslim al\u0131p inceledikten sonra, 48 saat i\u00e7inde iade durumunu size bildirece\u011fiz.<br>\nOnaylan\u0131rsa, iadeniz otomatik olarak orijinal \u00f6deme y\u00f6nteminize g\u00f6nderilecektir. L\u00fctfen bankan\u0131z\u0131n veya kredi kart\u0131 \u015firketinizin iadeyi yans\u0131tmas\u0131 i\u00e7in standart i\u015flem s\u00fcresine izin verin.<br>\n\u00d6nemli Notlar:<\/p>\n<p>Yanl\u0131\u015f varyant veya beden se\u00e7imi i\u00e7in iadeleri i\u015fleme koyam\u0131yoruz. Ancak, \u00fcr\u00fcn\u00fc ge\u00e7erli ek \u00fccretlerle y\u00fckseltmek i\u00e7in \u00e7\u00f6z\u00fcmler sunabiliriz.<\/p>\n<p>Nakliye:<\/p>\n<p>M\u00fc\u015fteriler iade edilmeyen iade nakliye masraflar\u0131ndan sorumludur. Bir iade yap\u0131l\u0131rsa, iade nakliye masraf\u0131 iadeden d\u00fc\u015f\u00fclecektir.<br>\nM\u00fc\u015fterinin konumuna ba\u011fl\u0131 olarak, de\u011fi\u015ftirilen \u00fcr\u00fcn\u00fcn size ula\u015fmas\u0131 i\u00e7in gereken s\u00fcre de\u011fi\u015febilir.<br>\nKay\u0131p iade paketlerinden sorumlu de\u011filiz. \u0130ade politikam\u0131zla ilgili herhangi bir sorunuz varsa l\u00fctfen sales@ledevon.com adresinden bizimle ileti\u015fime ge\u00e7in.<\/p>\n<\/body>","protected":false},"excerpt":{"rendered":"<p>Kolay \u0130ade ve De\u011fi\u015fim Liven Decor sat\u0131n al\u0131m\u0131n\u0131zdan memnun kalman\u0131z\u0131 istiyoruz! Sipari\u015finizi ald\u0131ktan sonra 7 g\u00fcnl\u00fck iade veya de\u011fi\u015fim politikam\u0131z<\/p>\n","protected":false},"author":2,"featured_media":0,"parent":0,"menu_order":0,"comment_status":"closed","ping_status":"closed","template":"","meta":{"nf_dc_page":"","footnotes":""},"class_list":["post-28434","page","type-page","status-publish","hentry"],"jetpack_sharing_enabled":true,"_links":{"self":[{"href":"https:\/\/ledevon.com\/tr\/wp-json\/wp\/v2\/pages\/28434","targetHints":{"allow":["GET"]}}],"collection":[{"href":"https:\/\/ledevon.com\/tr\/wp-json\/wp\/v2\/pages"}],"about":[{"href":"https:\/\/ledevon.com\/tr\/wp-json\/wp\/v2\/types\/page"}],"author":[{"embeddable":true,"href":"https:\/\/ledevon.com\/tr\/wp-json\/wp\/v2\/users\/2"}],"replies":[{"embeddable":true,"href":"https:\/\/ledevon.com\/tr\/wp-json\/wp\/v2\/comments?post=28434"}],"version-history":[{"count":3,"href":"https:\/\/ledevon.com\/tr\/wp-json\/wp\/v2\/pages\/28434\/revisions"}],"predecessor-version":[{"id":29566,"href":"https:\/\/ledevon.com\/tr\/wp-json\/wp\/v2\/pages\/28434\/revisions\/29566"}],"wp:attachment":[{"href":"https:\/\/ledevon.com\/tr\/wp-json\/wp\/v2\/media?parent=28434"}],"curies":[{"name":"wp","href":"https:\/\/api.w.org\/{rel}","templated":true}]}}