{"id":28433,"date":"2025-05-01T15:30:27","date_gmt":"2025-05-01T15:30:27","guid":{"rendered":"https:\/\/ledevon.com\/guvenlik-politikasi\/"},"modified":"2025-05-06T13:12:16","modified_gmt":"2025-05-06T13:12:16","slug":"guvenlik-politikasi","status":"publish","type":"page","link":"https:\/\/ledevon.com\/tr\/guvenlik-politikasi\/","title":{"rendered":"Kargo Politikas\u0131"},"content":{"rendered":"<body><p>D\u00fcnyan\u0131n \u00f6nde gelen lojistik hizmet sa\u011flay\u0131c\u0131lar\u0131yla h\u0131zl\u0131 g\u00f6nderim yap\u0131yoruz: DHL, FEDEX, UPS, TNT.<\/p>\n<p>AZ \u00d6NCE B\u0130R S\u0130PAR\u0130\u015e VERD\u0130\u011e\u0130M \u0130\u00c7\u0130N NE ZAMAN G\u00d6NDER\u0130LECEK?<br>\nSipari\u015finizin g\u00f6nderilmesi i\u00e7in l\u00fctfen 1 \u2013 4 i\u015f g\u00fcn\u00fc i\u015fleme ve \u00fcretim s\u00fcresi sa\u011flay\u0131n.<\/p>\n<p>G\u00d6NDER\u0130M S\u00dcRES\u0130 NE KADARDIR?<br>\nOrtalama transit s\u00fcreleri:<br>\nAmerika Birle\u015fik Devletleri 3 \u2013 5 i\u015f g\u00fcn\u00fc (genellikle 3 i\u015f g\u00fcn\u00fc).<br>\nGCC 3 \u2013 5 i\u015f g\u00fcn\u00fc (genellikle 3 i\u015f g\u00fcn\u00fc).<br>\nD\u00fcnya \u00e7ap\u0131nda 3 \u2013 6 i\u015f g\u00fcn\u00fc (genellikle 4 i\u015f g\u00fcn\u00fc).<\/p>\n<p>TAK\u0130P NUMARASI ALACA\u011eIM MI?<br>\nHer sipari\u015f i\u00e7in takip sa\u011fl\u0131yoruz. \u00dcr\u00fcn\u00fcn\u00fcz g\u00f6nderildikten sonra takip kullan\u0131labilir olacakt\u0131r.<\/p>\n<p>YANLI\u015e B\u0130R ADRES G\u0130RD\u0130\u011e\u0130M!<br>\nAdresinizi yanl\u0131\u015f yazd\u0131ysan\u0131z veya otomatik olarak yanl\u0131\u015f doldurduysan\u0131z, sales@ledevon.com adresine e-posta g\u00f6ndererek hemen bize bildirin. Adres yanl\u0131\u015fsa, bunu 24 saat i\u00e7inde d\u00fczeltebiliriz.<\/p>\n<p>\u00dcR\u00dcN\u00dcM HASARLI GELD\u0130<br>\nHer \u00fcr\u00fcn\u00fc ekstra dolguyla g\u00f6nderiyoruz. Buna ra\u011fmen, m\u00fc\u015fterilerimiz posta hizmetinin k\u00f6t\u00fc kullan\u0131m\u0131 nedeniyle 1000 \u00fcr\u00fcnden yakla\u015f\u0131k 1\u2019inin hasarl\u0131 geldi\u011fini bildiriyor.<\/p>\n<p>E\u011fer b\u00f6yle bir durumla kar\u015f\u0131la\u015f\u0131rsan\u0131z, l\u00fctfen bizimle \u015fu \u015fekilde ileti\u015fime ge\u00e7in:<br>\n\u2013 Sipari\u015f numaran\u0131z.<br>\n\u2013 Hasarl\u0131 \u00fcr\u00fcn\u00fcn bir resmi.<br>\n\u00dcr\u00fcn\u00fc ald\u0131ktan sonra, \u00fccretsiz olarak ba\u015fka bir tane g\u00f6ndermekten mutluluk duyar\u0131z.<\/p>\n<p>CEVAPLANMAMI\u015e B\u0130R SORUM VAR, L\u00dcTFEN YARDIMCI OLUR MUSUNUZ?<br>\nSorular\u0131n\u0131za hala cevap bulamad\u0131ysak l\u00fctfen bizimle ileti\u015fime ge\u00e7mekten \u00e7ekinmeyin, 24 saat i\u00e7inde yan\u0131tlamak i\u00e7in elimizden geleni yapaca\u011f\u0131z.<\/p>\n<p>Herhangi bir kargo sorusu i\u00e7in info@ledevon.com adresinden bize her zaman ula\u015fabilirsiniz.<\/p>\n<\/body>","protected":false},"excerpt":{"rendered":"<p>D\u00fcnyan\u0131n \u00f6nde gelen lojistik hizmet sa\u011flay\u0131c\u0131lar\u0131yla h\u0131zl\u0131 g\u00f6nderim yap\u0131yoruz: DHL, FEDEX, UPS, TNT. AZ \u00d6NCE B\u0130R S\u0130PAR\u0130\u015e VERD\u0130\u011e\u0130M \u0130\u00c7\u0130N NE<\/p>\n","protected":false},"author":1,"featured_media":0,"parent":0,"menu_order":0,"comment_status":"closed","ping_status":"closed","template":"","meta":{"nf_dc_page":"","footnotes":""},"class_list":["post-28433","page","type-page","status-publish","hentry"],"jetpack_sharing_enabled":true,"_links":{"self":[{"href":"https:\/\/ledevon.com\/tr\/wp-json\/wp\/v2\/pages\/28433","targetHints":{"allow":["GET"]}}],"collection":[{"href":"https:\/\/ledevon.com\/tr\/wp-json\/wp\/v2\/pages"}],"about":[{"href":"https:\/\/ledevon.com\/tr\/wp-json\/wp\/v2\/types\/page"}],"author":[{"embeddable":true,"href":"https:\/\/ledevon.com\/tr\/wp-json\/wp\/v2\/users\/1"}],"replies":[{"embeddable":true,"href":"https:\/\/ledevon.com\/tr\/wp-json\/wp\/v2\/comments?post=28433"}],"version-history":[{"count":2,"href":"https:\/\/ledevon.com\/tr\/wp-json\/wp\/v2\/pages\/28433\/revisions"}],"predecessor-version":[{"id":29567,"href":"https:\/\/ledevon.com\/tr\/wp-json\/wp\/v2\/pages\/28433\/revisions\/29567"}],"wp:attachment":[{"href":"https:\/\/ledevon.com\/tr\/wp-json\/wp\/v2\/media?parent=28433"}],"curies":[{"name":"wp","href":"https:\/\/api.w.org\/{rel}","templated":true}]}}