{"id":28432,"date":"2025-04-27T10:45:05","date_gmt":"2025-04-27T10:45:05","guid":{"rendered":"https:\/\/ledevon.com\/gizlilik-politikasi\/"},"modified":"2025-05-01T18:58:40","modified_gmt":"2025-05-01T18:58:40","slug":"gizlilik-politikasi","status":"publish","type":"page","link":"https:\/\/ledevon.com\/tr\/gizlilik-politikasi\/","title":{"rendered":"Gizlilik Politikas\u0131"},"content":{"rendered":"<body><h1>Gizlilik Politikas\u0131<\/h1>\n<p>ledevon\u2019da gizlili\u011finize de\u011fer veriyoruz ve ki\u015fisel verilerinizi korumaya kararl\u0131y\u0131z.<\/p>\n<h2>Toplad\u0131\u011f\u0131m\u0131z Bilgiler<\/h2>\n<ul>\n<li data-start=\"1563\" data-end=\"1654\">Ki\u015fisel Bilgiler: Ad, e-posta, telefon numaras\u0131, teslimat adresi ve \u00f6deme bilgileri.<\/li>\n<li data-start=\"1655\" data-end=\"1745\">Tarama Verileri: IP adresi, cihaz bilgileri ve kullan\u0131c\u0131 deneyimini geli\u015ftirmek i\u00e7in \u00e7erezler.<\/li>\n<\/ul>\n<h2>Bilgilerinizi Nas\u0131l Kullan\u0131yoruz<\/h2>\n<ul>\n<li data-start=\"1789\" data-end=\"1828\">Sipari\u015flerinizi i\u015flemek ve teslim etmek i\u00e7in.<\/li>\n<li data-start=\"1829\" data-end=\"1869\">Web sitemizi ve hizmetlerimizi geli\u015ftirmek i\u00e7in.<\/li>\n<li data-start=\"1870\" data-end=\"1926\">Tan\u0131t\u0131m e-postalar\u0131 g\u00f6ndermek i\u00e7in (sadece sizin izninizle).<\/li>\n<\/ul>\n<h2>Bilgilerinizi Payla\u015fma<\/h2>\n<ul>\n<li data-start=\"1967\" data-end=\"2013\">Ki\u015fisel verilerinizi satm\u0131yoruz veya kiralam\u0131yoruz.<\/li>\n<li data-start=\"2014\" data-end=\"2118\">Gerekirse verilerinizi \u00f6deme i\u015flemcileri, nakliye ortaklar\u0131 veya yasal makamlarla payla\u015fabiliriz.<\/li>\n<\/ul>\n<h2>Verilerinizin G\u00fcvenli\u011fi<\/h2>\n<ul>\n<li data-start=\"2156\" data-end=\"2246\">Ki\u015fisel bilgilerinizi korumak i\u00e7in end\u00fcstri standard\u0131 g\u00fcvenlik \u00f6nlemleri uyguluyoruz.<\/li>\n<\/ul>\n<h2>Haklar\u0131n\u0131z<\/h2>\n<ul>\n<li data-start=\"1283\" data-end=\"1354\">Bizimle ileti\u015fime ge\u00e7erek ki\u015fisel verilerinize eri\u015fim, d\u00fczeltme veya silme talebinde bulunabilirsiniz .<\/li>\n<\/ul>\n<\/body>","protected":false},"excerpt":{"rendered":"<p>Gizlilik Politikas\u0131 ledevon\u2019da gizlili\u011finize de\u011fer veriyoruz ve ki\u015fisel verilerinizi korumaya kararl\u0131y\u0131z. Toplad\u0131\u011f\u0131m\u0131z Bilgiler Ki\u015fisel Bilgiler: Ad, e-posta, telefon numaras\u0131, teslimat<\/p>\n","protected":false},"author":1,"featured_media":0,"parent":0,"menu_order":0,"comment_status":"closed","ping_status":"open","template":"","meta":{"nf_dc_page":"","footnotes":""},"class_list":["post-28432","page","type-page","status-publish","hentry"],"jetpack_sharing_enabled":true,"_links":{"self":[{"href":"https:\/\/ledevon.com\/tr\/wp-json\/wp\/v2\/pages\/28432","targetHints":{"allow":["GET"]}}],"collection":[{"href":"https:\/\/ledevon.com\/tr\/wp-json\/wp\/v2\/pages"}],"about":[{"href":"https:\/\/ledevon.com\/tr\/wp-json\/wp\/v2\/types\/page"}],"author":[{"embeddable":true,"href":"https:\/\/ledevon.com\/tr\/wp-json\/wp\/v2\/users\/1"}],"replies":[{"embeddable":true,"href":"https:\/\/ledevon.com\/tr\/wp-json\/wp\/v2\/comments?post=28432"}],"version-history":[{"count":1,"href":"https:\/\/ledevon.com\/tr\/wp-json\/wp\/v2\/pages\/28432\/revisions"}],"predecessor-version":[{"id":28446,"href":"https:\/\/ledevon.com\/tr\/wp-json\/wp\/v2\/pages\/28432\/revisions\/28446"}],"wp:attachment":[{"href":"https:\/\/ledevon.com\/tr\/wp-json\/wp\/v2\/media?parent=28432"}],"curies":[{"name":"wp","href":"https:\/\/api.w.org\/{rel}","templated":true}]}}